{"id":1611,"date":"2016-11-29T16:04:13","date_gmt":"2016-11-29T09:04:13","guid":{"rendered":"https:\/\/vietnamherniasociety.com\/?page_id=1611"},"modified":"2024-06-17T12:49:06","modified_gmt":"2024-06-17T05:49:06","slug":"thong-cao-bao-chi","status":"publish","type":"page","link":"https:\/\/vietnamherniasociety.com\/index.php\/thong-cao-bao-chi\/","title":{"rendered":"Th\u00f4ng c\u00e1o B\u00e1o ch\u00ed"},"content":{"rendered":"<div class=\"wpb-content-wrapper\">[vc_row full_width=&#8221;stretch_row_content&#8221; content_placement=&#8221;middle&#8221;][vc_column][vc_separator][vc_separator][vc_single_image image=&#8221;3795&#8243; img_size=&#8221;Full&#8221; style=&#8221;vc_box_shadow_3d&#8221; css=&#8221;&#8221;][\/vc_column][\/vc_row][vc_row opacity_bg_pattern=&#8221;0.1&#8243;][vc_column width=&#8221;2\/3&#8243;][vc_column_text css=&#8221;&#8221;]\r\n<p style=\"text-align: center;\"><span style=\"font-family: 'Big Shoulders Stencil Text';\"><span style=\"color: #000080; font-size: 300%;\"><span style=\"caret-color: #000080;\"><b>\u0110ang c\u1eadp nh\u1eadt<\/b><\/span><\/span><\/span><\/p>\r\n[\/vc_column_text][vc_separator color=&#8221;custom&#8221; style=&#8221;shadow&#8221; accent_color=&#8221;#4a88bf&#8221;]<div id=\"wppm-ajax-posts-0\" class=\"wppm-ajax-posts wppm_custom_css_1\" data-params='{\"post_status\":\"publish\",\"taxonomy\":\"categories,post_tag,slidegroup,dlm_download_category,dlm_download_tag\",\"template\":\"list\",\"list_columns\":\"2\",\"imgwidth\":\"600\",\"imgheight\":\"400\",\"mobile_wide\":\"true\",\"circle_img\":\"true\",\"mq_list\":\"%5B%7B%22width%22%3A%22600%22%2C%22img_ratio%22%3A%2225%22%2C%22min_img_width%22%3A%220%22%7D%5D\",\"ajaxnav\":\"true\",\"global_font\":\"Gotu: regular\",\"heading_font\":\"Gotu: regular\",\"hsize\":\"20\",\"hfontweight\":\"600\",\"hide_cats\":\"true\",\"hide_author\":\"true\",\"hide_excerpt\":\"true\",\"hide_comments\":\"true\",\"hide_views\":\"true\",\"hide_reviews\":\"true\",\"hide_post_format_icon\":\"true\",\"heading_color\":\"#1e73be\",\"heading_color_hover\":\"#000000\",\"enable_schema\":\"true\",\"ad_list\":\"%5B%7B%7D%5D\"}' data-maxposts=\"11\"><div itemscope=\"itemscope\" itemtype=\"https:\/\/schema.org\/Blog\" id=\"wppm-ajax-posts-0-sub-1\" class=\"wppm wppm-list columns-2 mobile-wide gutter-24 list-gutter-24 split-25-75 circle-img content-border\"><div itemscope itemtype=\"https:\/\/schema.org\/BlogPosting\" itemprop=\"blogPost\" id=\"post-4042\" class=\"wppm-post 4042 post-4042 post type-post status-publish format-image hentry category-tin-moi-nhat post_format-post-format-image no-image\"><div class=\"post-content\"><h2 itemprop=\"headline mainEntityOfPage\" class=\"entry-title fs-20 fw-600\"><a href=\"https:\/\/vietnamherniasociety.com\/index.php\/2025\/08\/08\/hinh-anh-ve-hoi-nghi-thoat-vi-viet-nam-lan-2\/\" title=\"H\u00ccNH \u1ea2NH V\u1ec0 H\u1ed8I NGH\u1eca THO\u00c1T V\u1eca VI\u1ec6T NAM L\u1ea6N 2\">H\u00ccNH \u1ea2NH V\u1ec0 H\u1ed8I NGH\u1eca THO\u00c1T V\u1eca VI\u1ec6T NAM L\u1ea6N 2<\/a><\/h2><aside class=\"meta-row row-3\"><div class=\"meta-col\"><ul class=\"entry-meta\"><li class=\"publisher-schema\" itemscope itemtype=\"https:\/\/schema.org\/Organization\" itemprop=\"publisher\"><meta itemprop=\"name\" content=\"\"\/><div itemprop=\"logo\" itemscope itemtype=\"https:\/\/schema.org\/ImageObject\"><img decoding=\"async\" itemprop=\"url\" src=\"\" alt=\"\"\/><\/div><\/li><li class=\"post-time\"><time itemprop=\"datePublished\" class=\"entry-date updated\" datetime=\"2025-08-08T15:24:31+07:00\">2025-08-08<\/time><meta itemprop=\"dateModified\" content=\"2025-08-08\"\/><\/li><li itemscope itemtype=\"https:\/\/schema.org\/Person\" itemprop=\"author\" class=\"post-author schema-only\"><span class=\"screen-reader-text\">Author<\/span><a href=\"https:\/\/vietnamherniasociety.com\/index.php\/author\/ad-chihoi\/\"><span class=\"vcard author CHI H\u1ed8I THO\u00c1T V\u1eca VI\u1ec6T NAM\" itemprop=\"name\"><span class=\"fn\">CHI H\u1ed8I THO\u00c1T V\u1eca VI\u1ec6T NAM<\/span><\/span><\/a><\/li><\/ul><\/div><\/aside><\/div><\/div><div itemscope itemtype=\"https:\/\/schema.org\/BlogPosting\" itemprop=\"blogPost\" id=\"post-4022\" class=\"wppm-post 4022 post-4022 post type-post status-publish format-image hentry category-tin-moi-nhat post_format-post-format-image no-image\"><div class=\"post-content\"><h2 itemprop=\"headline mainEntityOfPage\" class=\"entry-title fs-20 fw-600\"><a href=\"https:\/\/vietnamherniasociety.com\/index.php\/2025\/08\/08\/thu-cam-on-hoi-nghi-thoat-vi-viet-nam-lan-2\/\" title=\"TH\u01af C\u1ea2M \u01a0N &#8211; H\u1ed8I NGH\u1eca THO\u00c1T V\u1eca VI\u1ec6T NAM L\u1ea6N 2\">TH\u01af C\u1ea2M \u01a0N &#8211; H\u1ed8I NGH\u1eca THO\u00c1T V\u1eca VI\u1ec6T NAM L\u1ea6N 2<\/a><\/h2><aside class=\"meta-row row-3\"><div class=\"meta-col\"><ul class=\"entry-meta\"><li class=\"publisher-schema\" itemscope itemtype=\"https:\/\/schema.org\/Organization\" itemprop=\"publisher\"><meta itemprop=\"name\" content=\"\"\/><div itemprop=\"logo\" itemscope itemtype=\"https:\/\/schema.org\/ImageObject\"><img decoding=\"async\" itemprop=\"url\" src=\"\" alt=\"\"\/><\/div><\/li><li class=\"post-time\"><time itemprop=\"datePublished\" class=\"entry-date updated\" datetime=\"2025-08-08T14:38:39+07:00\">2025-08-08<\/time><meta itemprop=\"dateModified\" content=\"2025-08-08\"\/><\/li><li itemscope itemtype=\"https:\/\/schema.org\/Person\" itemprop=\"author\" class=\"post-author schema-only\"><span class=\"screen-reader-text\">Author<\/span><a href=\"https:\/\/vietnamherniasociety.com\/index.php\/author\/ad-chihoi\/\"><span class=\"vcard author CHI H\u1ed8I THO\u00c1T V\u1eca VI\u1ec6T NAM\" itemprop=\"name\"><span class=\"fn\">CHI H\u1ed8I THO\u00c1T V\u1eca VI\u1ec6T NAM<\/span><\/span><\/a><\/li><\/ul><\/div><\/aside><\/div><\/div><div itemscope itemtype=\"https:\/\/schema.org\/BlogPosting\" itemprop=\"blogPost\" id=\"post-4011\" class=\"wppm-post 4011 post-4011 post type-post status-publish format-standard hentry category-tin-moi-nhat no-image\"><div class=\"post-content\"><h2 itemprop=\"headline mainEntityOfPage\" class=\"entry-title fs-20 fw-600\"><a href=\"https:\/\/vietnamherniasociety.com\/index.php\/2025\/07\/07\/thong-bao-so-2-ve-viec-dang-ky-tham-du-chuong-trinh-dao-tao-lien-tuc-tien-hoi-nghi-thoat-vi-viet-nam-lan-2-va-chuong-trinh-chi-tiet-hoi-nghi-thoat-vi-viet-nam-lan-2\/\" title=\"TH\u00d4NG B\u00c1O S\u1ed0 2: V\u1ec1 vi\u1ec7c \u0111\u0103ng k\u00fd tham d\u01b0\u0323 Ch\u01b0\u01a1ng tr\u00ecnh \u0111\u00e0o ta\u0323o li\u00ean t\u1ee5c Ti\u1ec1n H\u00f4\u0323i ngh\u1ecb Tho\u00e1t v\u1ecb Vi\u1ec7t Nam l\u1ea7n 2 v\u00e0 Ch\u01b0\u01a1ng tr\u00ecnh chi ti\u1ebft H\u00f4\u0323i ngh\u1ecb Tho\u00e1t v\u1ecb Vi\u1ec7t Nam l\u1ea7n 2\">TH\u00d4NG B\u00c1O S\u1ed0 2: V\u1ec1 vi\u1ec7c \u0111\u0103ng k\u00fd tham d\u01b0\u0323 Ch\u01b0\u01a1ng tr\u00ecnh \u0111\u00e0o ta\u0323o li\u00ean t\u1ee5c Ti\u1ec1n H\u00f4\u0323i ngh\u1ecb Tho\u00e1t v\u1ecb Vi\u1ec7t Nam l\u1ea7n 2 v\u00e0 Ch\u01b0\u01a1ng tr\u00ecnh chi ti\u1ebft H\u00f4\u0323i ngh\u1ecb Tho\u00e1t v\u1ecb Vi\u1ec7t Nam l\u1ea7n 2<\/a><\/h2><aside class=\"meta-row row-3\"><div class=\"meta-col\"><ul class=\"entry-meta\"><li class=\"publisher-schema\" itemscope itemtype=\"https:\/\/schema.org\/Organization\" itemprop=\"publisher\"><meta itemprop=\"name\" content=\"\"\/><div itemprop=\"logo\" itemscope itemtype=\"https:\/\/schema.org\/ImageObject\"><img decoding=\"async\" itemprop=\"url\" src=\"\" alt=\"\"\/><\/div><\/li><li class=\"post-time\"><time itemprop=\"datePublished\" class=\"entry-date updated\" datetime=\"2025-07-07T12:38:17+07:00\">2025-07-07<\/time><meta itemprop=\"dateModified\" content=\"2025-07-07\"\/><\/li><li itemscope itemtype=\"https:\/\/schema.org\/Person\" itemprop=\"author\" class=\"post-author schema-only\"><span class=\"screen-reader-text\">Author<\/span><a href=\"https:\/\/vietnamherniasociety.com\/index.php\/author\/ad-chihoi\/\"><span class=\"vcard author CHI H\u1ed8I THO\u00c1T V\u1eca VI\u1ec6T NAM\" itemprop=\"name\"><span class=\"fn\">CHI H\u1ed8I THO\u00c1T V\u1eca VI\u1ec6T NAM<\/span><\/span><\/a><\/li><\/ul><\/div><\/aside><\/div><\/div><div itemscope itemtype=\"https:\/\/schema.org\/BlogPosting\" itemprop=\"blogPost\" id=\"post-3991\" class=\"wppm-post 3991 post-3991 post type-post status-publish format-standard has-post-thumbnail hentry category-tin-moi-nhat\"><div class=\"post-img-wrap\"><div itemprop=\"image\" itemscope itemtype=\"https:\/\/schema.org\/ImageObject\" class=\"post-img\"><a href=\"https:\/\/vietnamherniasociety.com\/index.php\/2025\/04\/13\/thong-bao-so-1-ve-viec-dang-ky-tham-du-va-bao-cao-tai-hoi-nghi-thoat-vi-viet-nam-lan-2\/\" title=\"TH\u00d4NG B\u00c1O S\u1ed0 1 &#8211; V\u1ec1 vi\u1ec7c \u0111\u0103ng k\u00fd tham d\u1ef1 v\u00e0 b\u00e1o c\u00e1o t\u1ea1i H\u1ed9i ngh\u1ecb Tho\u00e1t v\u1ecb Vi\u1ec7t Nam l\u1ea7n 2\"><img decoding=\"async\" itemprop=\"url\" class=\"wppm-img\" src=\"https:\/\/vietnamherniasociety.com\/wp-content\/uploads\/bfi_thumb\/logo-chi-hoi-thoat-vi-e1718267375558-7f3x0n7olqhxb2fg6oqk4b5q7bruq95ms1qe3h9r9o0.png\" alt=\"TH\u00d4NG B\u00c1O S\u1ed0 1 &#8211; V\u1ec1 vi\u1ec7c \u0111\u0103ng k\u00fd tham d\u1ef1 v\u00e0 b\u00e1o c\u00e1o t\u1ea1i H\u1ed9i ngh\u1ecb Tho\u00e1t v\u1ecb Vi\u1ec7t Nam l\u1ea7n 2\" title=\"TH\u00d4NG B\u00c1O S\u1ed0 1 &#8211; V\u1ec1 vi\u1ec7c \u0111\u0103ng k\u00fd tham d\u1ef1 v\u00e0 b\u00e1o c\u00e1o t\u1ea1i H\u1ed9i ngh\u1ecb Tho\u00e1t v\u1ecb Vi\u1ec7t Nam l\u1ea7n 2\"\/><\/a><\/div><\/div><div class=\"post-content\"><h2 itemprop=\"headline mainEntityOfPage\" class=\"entry-title fs-20 fw-600\"><a href=\"https:\/\/vietnamherniasociety.com\/index.php\/2025\/04\/13\/thong-bao-so-1-ve-viec-dang-ky-tham-du-va-bao-cao-tai-hoi-nghi-thoat-vi-viet-nam-lan-2\/\" title=\"TH\u00d4NG B\u00c1O S\u1ed0 1 &#8211; V\u1ec1 vi\u1ec7c \u0111\u0103ng k\u00fd tham d\u1ef1 v\u00e0 b\u00e1o c\u00e1o t\u1ea1i H\u1ed9i ngh\u1ecb Tho\u00e1t v\u1ecb Vi\u1ec7t Nam l\u1ea7n 2\">TH\u00d4NG B\u00c1O S\u1ed0 1 &#8211; V\u1ec1 vi\u1ec7c \u0111\u0103ng k\u00fd tham d\u1ef1 v\u00e0 b\u00e1o c\u00e1o t\u1ea1i H\u1ed9i ngh\u1ecb Tho\u00e1t v\u1ecb Vi\u1ec7t Nam l\u1ea7n 2<\/a><\/h2><aside class=\"meta-row row-3\"><div class=\"meta-col\"><ul class=\"entry-meta\"><li class=\"publisher-schema\" itemscope itemtype=\"https:\/\/schema.org\/Organization\" itemprop=\"publisher\"><meta itemprop=\"name\" content=\"\"\/><div itemprop=\"logo\" itemscope itemtype=\"https:\/\/schema.org\/ImageObject\"><img decoding=\"async\" itemprop=\"url\" src=\"\" alt=\"\"\/><\/div><\/li><li class=\"post-time\"><time itemprop=\"datePublished\" class=\"entry-date updated\" datetime=\"2025-04-13T15:56:00+07:00\">2025-04-13<\/time><meta itemprop=\"dateModified\" content=\"2025-04-14\"\/><\/li><li itemscope itemtype=\"https:\/\/schema.org\/Person\" itemprop=\"author\" class=\"post-author schema-only\"><span class=\"screen-reader-text\">Author<\/span><a href=\"https:\/\/vietnamherniasociety.com\/index.php\/author\/ad-chihoi\/\"><span class=\"vcard author CHI H\u1ed8I THO\u00c1T V\u1eca VI\u1ec6T NAM\" itemprop=\"name\"><span class=\"fn\">CHI H\u1ed8I THO\u00c1T V\u1eca VI\u1ec6T NAM<\/span><\/span><\/a><\/li><\/ul><\/div><\/aside><\/div><\/div><div itemscope itemtype=\"https:\/\/schema.org\/BlogPosting\" itemprop=\"blogPost\" id=\"post-3971\" class=\"wppm-post 3971 post-3971 post type-post status-publish format-standard has-post-thumbnail hentry category-chuong-trinh-du-an category-tin-moi-nhat\"><div class=\"post-img-wrap\"><div itemprop=\"image\" itemscope itemtype=\"https:\/\/schema.org\/ImageObject\" class=\"post-img\"><a href=\"https:\/\/vietnamherniasociety.com\/index.php\/2025\/02\/21\/hoi-thao-aphs-he-dieu-tri-thoat-vi-ben-va-thoat-vi-thanh-bung\/\" title=\"H\u1ed9i th\u1ea3o APHS HE: \u0110i\u1ec1u tr\u1ecb tho\u00e1t v\u1ecb b\u1eb9n v\u00e0 tho\u00e1t v\u1ecb th\u00e0nh b\u1ee5ng\"><img decoding=\"async\" itemprop=\"url\" class=\"wppm-img\" src=\"https:\/\/vietnamherniasociety.com\/wp-content\/uploads\/bfi_thumb\/APHS-HE-1-e1740132864769-7iia6e9xlirpuyjyi212q3xape0egv7j5z48bw1gmgg.png\" alt=\"H\u1ed9i th\u1ea3o APHS HE: \u0110i\u1ec1u tr\u1ecb tho\u00e1t v\u1ecb b\u1eb9n v\u00e0 tho\u00e1t v\u1ecb th\u00e0nh b\u1ee5ng\" title=\"H\u1ed9i th\u1ea3o APHS HE: \u0110i\u1ec1u tr\u1ecb tho\u00e1t v\u1ecb b\u1eb9n v\u00e0 tho\u00e1t v\u1ecb th\u00e0nh b\u1ee5ng\"\/><\/a><\/div><\/div><div class=\"post-content\"><h2 itemprop=\"headline mainEntityOfPage\" class=\"entry-title fs-20 fw-600\"><a href=\"https:\/\/vietnamherniasociety.com\/index.php\/2025\/02\/21\/hoi-thao-aphs-he-dieu-tri-thoat-vi-ben-va-thoat-vi-thanh-bung\/\" title=\"H\u1ed9i th\u1ea3o APHS HE: \u0110i\u1ec1u tr\u1ecb tho\u00e1t v\u1ecb b\u1eb9n v\u00e0 tho\u00e1t v\u1ecb th\u00e0nh b\u1ee5ng\">H\u1ed9i th\u1ea3o APHS HE: \u0110i\u1ec1u tr\u1ecb tho\u00e1t v\u1ecb b\u1eb9n v\u00e0 tho\u00e1t v\u1ecb th\u00e0nh b\u1ee5ng<\/a><\/h2><aside class=\"meta-row row-3\"><div class=\"meta-col\"><ul class=\"entry-meta\"><li class=\"publisher-schema\" itemscope itemtype=\"https:\/\/schema.org\/Organization\" itemprop=\"publisher\"><meta itemprop=\"name\" content=\"\"\/><div itemprop=\"logo\" itemscope itemtype=\"https:\/\/schema.org\/ImageObject\"><img decoding=\"async\" itemprop=\"url\" src=\"\" alt=\"\"\/><\/div><\/li><li class=\"post-time\"><time itemprop=\"datePublished\" class=\"entry-date updated\" datetime=\"2025-02-21T17:16:29+07:00\">2025-02-21<\/time><meta itemprop=\"dateModified\" content=\"2025-03-03\"\/><\/li><li itemscope itemtype=\"https:\/\/schema.org\/Person\" itemprop=\"author\" class=\"post-author schema-only\"><span class=\"screen-reader-text\">Author<\/span><a href=\"https:\/\/vietnamherniasociety.com\/index.php\/author\/ad-chihoi\/\"><span class=\"vcard author CHI H\u1ed8I THO\u00c1T V\u1eca VI\u1ec6T NAM\" itemprop=\"name\"><span class=\"fn\">CHI H\u1ed8I THO\u00c1T V\u1eca VI\u1ec6T NAM<\/span><\/span><\/a><\/li><\/ul><\/div><\/aside><\/div><\/div><div itemscope itemtype=\"https:\/\/schema.org\/BlogPosting\" itemprop=\"blogPost\" id=\"post-3925\" class=\"wppm-post 3925 post-3925 post type-post status-publish format-standard has-post-thumbnail hentry category-bai-bao-va-nghien-cuu category-chuong-trinh-du-an category-thong-cao-bao-chi category-tin-moi-nhat\"><div class=\"post-img-wrap\"><div itemprop=\"image\" itemscope itemtype=\"https:\/\/schema.org\/ImageObject\" class=\"post-img\"><a href=\"https:\/\/vietnamherniasociety.com\/index.php\/2024\/08\/29\/chuong-trinh-uu-dai-dang-ky-som-cua-wchs\/\" title=\"Ch\u01b0\u01a1ng tr\u00ecnh \u01afu \u0111\u00e3i \u0110\u0103ng k\u00fd S\u1edbm c\u1ee7a WCHS\"><img decoding=\"async\" itemprop=\"url\" class=\"wppm-img\" src=\"https:\/\/vietnamherniasociety.com\/wp-content\/uploads\/bfi_thumb\/E2FBD3FE-43E3-4432-97FE-CBFC29D7D73A-7g5798xtwkrep721as7w70v3cao3np3petvs9ytwek0.png\" alt=\"Ch\u01b0\u01a1ng tr\u00ecnh \u01afu \u0111\u00e3i \u0110\u0103ng k\u00fd S\u1edbm c\u1ee7a WCHS\" title=\"Ch\u01b0\u01a1ng tr\u00ecnh \u01afu \u0111\u00e3i \u0110\u0103ng k\u00fd S\u1edbm c\u1ee7a WCHS\"\/><\/a><\/div><\/div><div class=\"post-content\"><h2 itemprop=\"headline mainEntityOfPage\" class=\"entry-title fs-20 fw-600\"><a href=\"https:\/\/vietnamherniasociety.com\/index.php\/2024\/08\/29\/chuong-trinh-uu-dai-dang-ky-som-cua-wchs\/\" title=\"Ch\u01b0\u01a1ng tr\u00ecnh \u01afu \u0111\u00e3i \u0110\u0103ng k\u00fd S\u1edbm c\u1ee7a WCHS\">Ch\u01b0\u01a1ng tr\u00ecnh \u01afu \u0111\u00e3i \u0110\u0103ng k\u00fd S\u1edbm c\u1ee7a WCHS<\/a><\/h2><aside class=\"meta-row row-3\"><div class=\"meta-col\"><ul class=\"entry-meta\"><li class=\"publisher-schema\" itemscope itemtype=\"https:\/\/schema.org\/Organization\" itemprop=\"publisher\"><meta itemprop=\"name\" content=\"\"\/><div itemprop=\"logo\" itemscope itemtype=\"https:\/\/schema.org\/ImageObject\"><img decoding=\"async\" itemprop=\"url\" src=\"\" alt=\"\"\/><\/div><\/li><li class=\"post-time\"><time itemprop=\"datePublished\" class=\"entry-date updated\" datetime=\"2024-08-29T18:10:54+07:00\">2024-08-29<\/time><meta itemprop=\"dateModified\" content=\"2024-08-29\"\/><\/li><li itemscope itemtype=\"https:\/\/schema.org\/Person\" itemprop=\"author\" class=\"post-author schema-only\"><span class=\"screen-reader-text\">Author<\/span><a href=\"https:\/\/vietnamherniasociety.com\/index.php\/author\/ad-chihoi\/\"><span class=\"vcard author CHI H\u1ed8I THO\u00c1T V\u1eca VI\u1ec6T NAM\" itemprop=\"name\"><span class=\"fn\">CHI H\u1ed8I THO\u00c1T V\u1eca VI\u1ec6T NAM<\/span><\/span><\/a><\/li><\/ul><\/div><\/aside><\/div><\/div><\/div><div class=\"wppm-loading-spinner\"><\/div><div class=\"wppm-ajax-nav\"><a class=\"prev-link disabled\" href=\"#\">Prev<\/a> <a class=\"next-link\" href=\"#\">Next<\/a><\/div><\/div>[vc_separator style=&#8221;shadow&#8221; border_width=&#8221;2&#8243; css=&#8221;&#8221;][\/vc_column][vc_column width=&#8221;1\/3&#8243; css=&#8221;.vc_custom_1657122559544{padding-top: 20px !important;}&#8221;]<div class=\"countdown text-right \"><p>H\u1ed9i ngh\u1ecb Tho\u00e1t v\u1ecb Vi\u1ec7t Nam L\u1ea7n 1 c\u00f2n l\u1ea1i:<\/p><div  class=\"eventry_clock\" data-time=\"2024\/07\/19 20:00:00\" data-days=\"Days\" data-hours=\"Hrs\" data-minutes=\"Min\" data-seconds=\"Sec\" ><\/div><\/div>[vc_separator style=&#8221;shadow&#8221; border_width=&#8221;2&#8243; css=&#8221;&#8221;][vc_btn title=&#8221;TIN T\u1ee8C&#8221; style=&#8221;3d&#8221; shape=&#8221;round&#8221; color=&#8221;primary&#8221; size=&#8221;lg&#8221; align=&#8221;center&#8221; i_type=&#8221;linecons&#8221; i_icon_linecons=&#8221;vc_li vc_li-news&#8221; css_animation=&#8221;bounceIn&#8221; css=&#8221;&#8221; button_block=&#8221;true&#8221; add_icon=&#8221;true&#8221;][vc_basic_grid post_type=&#8221;post&#8221; max_items=&#8221;4&#8243; style=&#8221;lazy&#8221; items_per_page=&#8221;1&#8243; element_width=&#8221;12&#8243; gap=&#8221;0&#8243; item=&#8221;3711&#8243; initial_loading_animation=&#8221;none&#8221; css=&#8221;&#8221; grid_id=&#8221;vc_gid:1718603331225-64f46d8c-baab-5&#8243; taxonomies=&#8221;48&#8243;]<div id=\"ultimate-heading-862269e171762f112\" class=\"uvc-heading ult-adjust-bottom-margin ultimate-heading-862269e171762f112 uvc-7787 \" data-hspacer=\"line_with_icon\" data-hline_width=\"auto\" data-hicon_type=\"selector\" data-hborder_style=\"solid\" data-hborder_height=\"1\" data-hborder_color=\"#1e73be\" data-icon_width=\"32\" data-hfixer=\"10\"  data-halign=\"center\" style=\"text-align:center\"><div class=\"uvc-heading-spacer line_with_icon\" style=\"topheight:32px;\"><div class=\"ult-just-icon-wrapper  \"><div class=\"align-icon\" style=\"text-align:center;\">\n<div class=\"aio-icon none \"  style=\"color:#dd3333;font-size:32px;display:inline-block;\">\n\t<i class=\"Defaults-user-plus\"><\/i>\n<\/div><\/div><\/div><\/div><div class=\"uvc-main-heading ult-responsive\"  data-ultimate-target='.uvc-heading.ultimate-heading-862269e171762f112 h4'  data-responsive-json-new='{\"font-size\":\"\",\"line-height\":\"\"}' ><h4 style=\"font-weight:bold;color:#1e73be;\">\u0110\u0103ng k\u00fd Tham d\u1ef1 - H\u1ed9i ngh\u1ecb Tho\u00e1t v\u1ecb Vi\u1ec7t Nam L\u1ea7n 1<\/h4><\/div><\/div>[vc_separator color=&#8221;blue&#8221; style=&#8221;shadow&#8221; border_width=&#8221;2&#8243; css=&#8221;&#8221;][vc_btn title=&#8221;\u0110\u0102NG K\u00dd NGAY&#8221; style=&#8221;3d&#8221; shape=&#8221;round&#8221; color=&#8221;danger&#8221; size=&#8221;lg&#8221; align=&#8221;center&#8221; i_icon_fontawesome=&#8221;far fa-hand-point-right&#8221; css_animation=&#8221;bounceInUp&#8221; css=&#8221;&#8221; add_icon=&#8221;true&#8221; link=&#8221;url:https%3A%2F%2Fforms.gle%2FzN1rckWRyFda9MkX7&#8243;][\/vc_column][\/vc_row]<\/div>","protected":false},"excerpt":{"rendered":"<p>[vc_row full_width=&#8221;stretch_row_content&#8221; content_placement=&#8221;middle&#8221;][vc_column][vc_separator][vc_separator][vc_single_image image=&#8221;3795&#8243; img_size=&#8221;Full&#8221; style=&#8221;vc_box_shadow_3d&#8221; css=&#8221;&#8221;][\/vc_column][\/vc_row][vc_row opacity_bg_pattern=&#8221;0.1&#8243;][vc_column width=&#8221;2\/3&#8243;][vc_column_text css=&#8221;&#8221;] \u0110ang c\u1eadp nh\u1eadt [\/vc_column_text][vc_separator color=&#8221;custom&#8221; style=&#8221;shadow&#8221; accent_color=&#8221;#4a88bf&#8221;][vc_separator style=&#8221;shadow&#8221; border_width=&#8221;2&#8243; css=&#8221;&#8221;][\/vc_column][vc_column width=&#8221;1\/3&#8243; css=&#8221;.vc_custom_1657122559544{padding-top: 20px !important;}&#8221;][vc_separator style=&#8221;shadow&#8221; border_width=&#8221;2&#8243; css=&#8221;&#8221;][vc_btn title=&#8221;TIN T\u1ee8C&#8221; style=&#8221;3d&#8221; shape=&#8221;round&#8221; color=&#8221;primary&#8221; size=&#8221;lg&#8221; align=&#8221;center&#8221; i_type=&#8221;linecons&#8221; i_icon_linecons=&#8221;vc_li vc_li-news&#8221; css_animation=&#8221;bounceIn&#8221; css=&#8221;&#8221; button_block=&#8221;true&#8221; add_icon=&#8221;true&#8221;][vc_basic_grid post_type=&#8221;post&#8221; max_items=&#8221;4&#8243; style=&#8221;lazy&#8221; items_per_page=&#8221;1&#8243; element_width=&#8221;12&#8243; gap=&#8221;0&#8243; item=&#8221;3711&#8243; initial_loading_animation=&#8221;none&#8221; css=&#8221;&#8221; grid_id=&#8221;vc_gid:1718603331225-64f46d8c-baab-5&#8243; taxonomies=&#8221;48&#8243;][vc_separator color=&#8221;blue&#8221; style=&#8221;shadow&#8221; border_width=&#8221;2&#8243; [&hellip;]<\/p>\n","protected":false},"author":1,"featured_media":0,"parent":0,"menu_order":0,"comment_status":"closed","ping_status":"closed","template":"","meta":{"footnotes":""},"class_list":["post-1611","page","type-page","status-publish","hentry"],"rttpg_featured_image_url":null,"rttpg_author":{"display_name":"Kavin Nguyen","author_link":"https:\/\/vietnamherniasociety.com\/index.php\/author\/tringuyen72\/"},"rttpg_comment":0,"rttpg_category":"","rttpg_excerpt":"[vc_row full_width=&#8221;stretch_row_content&#8221; content_placement=&#8221;middle&#8221;][vc_column][vc_separator][vc_separator][vc_single_image image=&#8221;3795&#8243; img_size=&#8221;Full&#8221; style=&#8221;vc_box_shadow_3d&#8221; css=&#8221;&#8221;][\/vc_column][\/vc_row][vc_row opacity_bg_pattern=&#8221;0.1&#8243;][vc_column width=&#8221;2\/3&#8243;][vc_column_text css=&#8221;&#8221;] \u0110ang c\u1eadp nh\u1eadt [\/vc_column_text][vc_separator color=&#8221;custom&#8221; style=&#8221;shadow&#8221; accent_color=&#8221;#4a88bf&#8221;][vc_separator style=&#8221;shadow&#8221; border_width=&#8221;2&#8243; css=&#8221;&#8221;][\/vc_column][vc_column width=&#8221;1\/3&#8243; css=&#8221;.vc_custom_1657122559544{padding-top: 20px !important;}&#8221;][vc_separator style=&#8221;shadow&#8221; border_width=&#8221;2&#8243; css=&#8221;&#8221;][vc_btn title=&#8221;TIN T\u1ee8C&#8221; style=&#8221;3d&#8221; shape=&#8221;round&#8221; color=&#8221;primary&#8221; size=&#8221;lg&#8221; align=&#8221;center&#8221; i_type=&#8221;linecons&#8221; i_icon_linecons=&#8221;vc_li vc_li-news&#8221; css_animation=&#8221;bounceIn&#8221; css=&#8221;&#8221; button_block=&#8221;true&#8221; add_icon=&#8221;true&#8221;][vc_basic_grid post_type=&#8221;post&#8221; max_items=&#8221;4&#8243; style=&#8221;lazy&#8221; items_per_page=&#8221;1&#8243; element_width=&#8221;12&#8243; gap=&#8221;0&#8243; item=&#8221;3711&#8243; initial_loading_animation=&#8221;none&#8221; css=&#8221;&#8221; grid_id=&#8221;vc_gid:1718603331225-64f46d8c-baab-5&#8243; taxonomies=&#8221;48&#8243;][vc_separator color=&#8221;blue&#8221; style=&#8221;shadow&#8221; border_width=&#8221;2&#8243;&hellip;","_links":{"self":[{"href":"https:\/\/vietnamherniasociety.com\/index.php\/wp-json\/wp\/v2\/pages\/1611"}],"collection":[{"href":"https:\/\/vietnamherniasociety.com\/index.php\/wp-json\/wp\/v2\/pages"}],"about":[{"href":"https:\/\/vietnamherniasociety.com\/index.php\/wp-json\/wp\/v2\/types\/page"}],"author":[{"embeddable":true,"href":"https:\/\/vietnamherniasociety.com\/index.php\/wp-json\/wp\/v2\/users\/1"}],"replies":[{"embeddable":true,"href":"https:\/\/vietnamherniasociety.com\/index.php\/wp-json\/wp\/v2\/comments?post=1611"}],"version-history":[{"count":75,"href":"https:\/\/vietnamherniasociety.com\/index.php\/wp-json\/wp\/v2\/pages\/1611\/revisions"}],"predecessor-version":[{"id":3801,"href":"https:\/\/vietnamherniasociety.com\/index.php\/wp-json\/wp\/v2\/pages\/1611\/revisions\/3801"}],"wp:attachment":[{"href":"https:\/\/vietnamherniasociety.com\/index.php\/wp-json\/wp\/v2\/media?parent=1611"}],"curies":[{"name":"wp","href":"https:\/\/api.w.org\/{rel}","templated":true}]}}