{"id":349,"date":"2016-11-29T16:04:13","date_gmt":"2016-11-29T09:04:13","guid":{"rendered":"http:\/\/demo.ovathemes.com\/eventry\/?page_id=344"},"modified":"2025-08-08T14:27:08","modified_gmt":"2025-08-08T07:27:08","slug":"home-2","status":"publish","type":"page","link":"https:\/\/vietnamherniasociety.com\/","title":{"rendered":"Home"},"content":{"rendered":"<div class=\"wpb-content-wrapper\">[vc_row full_width=&#8221;stretch_row_content&#8221; content_placement=&#8221;middle&#8221;][vc_column][vc_separator][vc_separator][vc_single_image image=&#8221;3795&#8243; img_size=&#8221;Full&#8221; style=&#8221;vc_box_shadow_3d&#8221; css=&#8221;&#8221;][\/vc_column][\/vc_row][vc_row opacity_bg_pattern=&#8221;0.1&#8243;][vc_column width=&#8221;2\/3&#8243;][vc_separator color=&#8221;blue&#8221; style=&#8221;shadow&#8221; border_width=&#8221;2&#8243; css=&#8221;&#8221;][vc_column_text css=&#8221;&#8221;]\r\n<p style=\"text-align: center;\"><span style=\"font-size: 30px; color: #1e73be;\"><strong><span style=\"font-family: 'Cabin Condensed';\">L\u1edcI N\u00d3I \u0110\u1ea6U C\u1ee6A CH\u1ee6 T\u1ecaCH CHI H\u1ed8I<\/span><\/strong><\/span><\/p>\r\n[\/vc_column_text][vc_separator color=&#8221;blue&#8221; style=&#8221;shadow&#8221; border_width=&#8221;2&#8243; css=&#8221;&#8221;]<div class=\"about-txt-block p-bottom-10 m-bottom-30 b-bottom\">\n              <h4 class=\"h4-lg\"><\/h4>\r\n<p style=\"font-weight: 400;\"><span style=\"font-family: 'Cabin Condensed'; font-size: 18px;\">K\u00ednh ch\u00e0o Qu\u00fd \u0110\u1ed3ng nghi\u1ec7p,<\/span><\/p>\r\n<p style=\"font-weight: 400;\"><span style=\"font-family: 'Cabin Condensed'; font-size: 18px;\">Thay m\u1eb7t cho Chi h\u1ed9i Tho\u00e1t v\u1ecb Vi\u1ec7t Nam thu\u1ed9c H\u1ed9i Ngo\u1ea1i khoa v\u00e0 Ph\u1eabu thu\u1eadt N\u1ed9i soi Vi\u1ec7t Nam, t\u00f4i xin g\u1eedi \u00a0l\u1eddi ch\u00e0o tr\u00e2n tr\u1ecdng v\u00e0 l\u1eddi ch\u00fac s\u1ee9c kh\u1ecfe \u0111\u1ebfn Qu\u00fd \u0110\u1ed3ng nghi\u1ec7p. Th\u1eadt vinh d\u1ef1 cho t\u00f4i khi c\u00f3 c\u01a1 h\u1ed9i g\u1eedi l\u1eddi c\u1ea3m \u01a1n s\u00e2u s\u1eafc \u0111\u1ebfn t\u1ea5t c\u1ea3 c\u00e1c Qu\u00fd \u0110\u1ed3ng nghi\u1ec7p \u0111\u00e3 v\u00e0 \u0111ang quan t\u00e2m, \u1ee7ng h\u1ed9 cho c\u00e1c ho\u1ea1t \u0111\u1ed9ng c\u1ee7a Chi h\u1ed9i.<\/span><\/p>\r\n<p style=\"font-weight: 400;\"><span style=\"font-family: 'Cabin Condensed'; font-size: 18px;\">\u0110\u00e2y l\u00e0 trang th\u00f4ng tin \u0111i\u1ec7n t\u1eed ch\u00ednh th\u1ee9c c\u1ee7a Chi h\u1ed9i Tho\u00e1t v\u1ecb Vi\u1ec7t Nam thu\u1ed9c H\u1ed9i Ngo\u1ea1i khoa v\u00e0 Ph\u1eabu thu\u1eadt N\u1ed9i soi Vi\u1ec7t Nam. Chi h\u1ed9i Tho\u00e1t v\u1ecb Vi\u1ec7t Nam \u0111\u01b0\u1ee3c th\u00e0nh l\u1eadp v\u1edbi s\u1ee9 m\u1ec7nh n\u00e2ng cao nh\u1eadn th\u1ee9c, cung c\u1ea5p th\u00f4ng tin ch\u00ednh x\u00e1c v\u00e0 h\u1ed7 tr\u1ee3 \u0111i\u1ec1u tr\u1ecb tho\u00e1t v\u1ecb cho c\u1ed9ng \u0111\u1ed3ng. Ch\u00fang t\u00f4i kh\u00f4ng ng\u1eebng n\u1ed7 l\u1ef1c trong vi\u1ec7c nghi\u00ean c\u1ee9u, tri\u1ec3n khai c\u00e1c d\u1ef1 \u00e1n v\u00e0 t\u1ed5 ch\u1ee9c c\u00e1c ho\u1ea1t \u0111\u1ed9ng nh\u1eb1m c\u1ea3i thi\u1ec7n s\u1ee9c kh\u1ecfe v\u00e0 ch\u1ea5t l\u01b0\u1ee3ng cu\u1ed9c s\u1ed1ng c\u1ee7a ng\u01b0\u1eddi b\u1ec7nh<\/span><\/p>\r\n<p style=\"font-weight: 400;\"><span style=\"font-family: 'Cabin Condensed'; font-size: 18px;\">Trang web n\u00e0y l\u00e0 n\u01a1i ch\u00fang t\u00f4i chia s\u1ebb nh\u1eefng ki\u1ebfn th\u1ee9c chuy\u00ean m\u00f4n, c\u00e1c b\u00e0i vi\u1ebft nghi\u00ean c\u1ee9u, th\u00f4ng tin v\u1ec1 c\u00e1c s\u1ef1 ki\u1ec7n v\u00e0 ho\u1ea1t \u0111\u1ed9ng c\u1ee7a Chi h\u1ed9i. \u0110\u00e2y c\u0169ng l\u00e0 c\u1ea7u n\u1ed1i gi\u00fap Qu\u00fd \u0110\u1ed3ng nghi\u1ec7p c\u00f3 th\u1ec3 d\u1ec5 d\u00e0ng ti\u1ebfp c\u1eadn v\u00e0 tham gia c\u00f9ng ch\u00fang t\u00f4i trong h\u00e0nh tr\u00ecnh n\u00e2ng cao s\u1ee9c kh\u1ecfe c\u1ed9ng \u0111\u1ed3ng.<\/span><\/p>\r\n<p style=\"font-weight: 400;\"><span style=\"font-family: 'Cabin Condensed'; font-size: 18px;\">Ch\u00fang t\u00f4i tin r\u1eb1ng, v\u1edbi s\u1ef1 \u0111\u1ed3ng l\u00f2ng v\u00e0 h\u1ed7 tr\u1ee3 t\u1eeb Qu\u00fd \u0110\u1ed3ng nghi\u1ec7p, Chi h\u1ed9i Tho\u00e1t v\u1ecb Vi\u1ec7t Nam s\u1ebd ng\u00e0y c\u00e0ng ph\u00e1t tri\u1ec3n m\u1ea1nh m\u1ebd v\u00e0 \u0111\u1ea1t \u0111\u01b0\u1ee3c nhi\u1ec1u th\u00e0nh t\u1ef1u \u0111\u00e1ng t\u1ef1 h\u00e0o.<\/span><\/p>\r\n<p style=\"font-weight: 400;\"><span style=\"font-family: 'Cabin Condensed'; font-size: 18px;\">Xin ch\u00e2n th\u00e0nh c\u1ea3m \u01a1n v\u00e0 k\u00ednh ch\u00fac Qu\u00fd \u0110\u1ed3ng nghi\u1ec7p s\u1ee9c kh\u1ecfe, h\u1ea1nh ph\u00fac v\u00e0 th\u00e0nh c\u00f4ng.<\/span><\/p>\r\n<\/div>[vc_separator style=&#8221;shadow&#8221; border_width=&#8221;2&#8243; css=&#8221;&#8221;][vc_single_image image=&#8221;3582&#8243; img_size=&#8221;medium&#8221; alignment=&#8221;center&#8221; style=&#8221;vc_box_shadow_3d&#8221; css=&#8221;&#8221;][vc_column_text css=&#8221;&#8221;]\r\n<p style=\"text-align: center;\"><span style=\"font-size: 18px; color: #1e73be; font-family: 'Cabin Condensed';\"><strong>Ch\u1ee7 t\u1ecbch: TS BS. L\u00ea Quan Anh Tu\u1ea5n<\/strong><\/span>\r\n<span style=\"font-size: 18px; color: #1e73be; font-family: 'Cabin Condensed';\"><strong>Tr\u01b0\u1edfng khoa Ngo\u1ea1i Gan M\u1eadt T\u1ee5y \u2013 B\u1ec7nh vi\u1ec7n \u0110\u1ea1i h\u1ecdc Y D\u01b0\u1ee3c TPHCM<\/strong><\/span>[\/vc_column_text][vc_separator style=&#8221;shadow&#8221; border_width=&#8221;2&#8243; css=&#8221;&#8221;][\/vc_column][vc_column width=&#8221;1\/3&#8243; css=&#8221;.vc_custom_1657122559544{padding-top: 20px !important;}&#8221;][vc_btn title=&#8221;TIN T\u1ee8C&#8221; style=&#8221;3d&#8221; shape=&#8221;round&#8221; color=&#8221;primary&#8221; size=&#8221;lg&#8221; align=&#8221;center&#8221; i_type=&#8221;linecons&#8221; i_icon_linecons=&#8221;vc_li vc_li-news&#8221; css_animation=&#8221;fadeInDown&#8221; css=&#8221;&#8221; button_block=&#8221;true&#8221; add_icon=&#8221;true&#8221; link=&#8221;url:https%3A%2F%2Fvietnamherniasociety.com%2Findex.php%2Ftin-tuc-moi%2F&#8221;][vc_basic_grid post_type=&#8221;post&#8221; max_items=&#8221;4&#8243; style=&#8221;lazy&#8221; items_per_page=&#8221;1&#8243; element_width=&#8221;12&#8243; gap=&#8221;0&#8243; item=&#8221;3711&#8243; initial_loading_animation=&#8221;none&#8221; css=&#8221;&#8221; grid_id=&#8221;vc_gid:1754638000332-1a386a35-6e0e-6&#8243; taxonomies=&#8221;48&#8243;][vc_separator color=&#8221;blue&#8221; style=&#8221;shadow&#8221; border_width=&#8221;2&#8243; css=&#8221;&#8221;][\/vc_column][\/vc_row]<\/p><\/div>","protected":false},"excerpt":{"rendered":"<p>[vc_row full_width=&#8221;stretch_row_content&#8221; content_placement=&#8221;middle&#8221;][vc_column][vc_separator][vc_separator][vc_single_image image=&#8221;3795&#8243; img_size=&#8221;Full&#8221; style=&#8221;vc_box_shadow_3d&#8221; css=&#8221;&#8221;][\/vc_column][\/vc_row][vc_row opacity_bg_pattern=&#8221;0.1&#8243;][vc_column width=&#8221;2\/3&#8243;][vc_separator color=&#8221;blue&#8221; style=&#8221;shadow&#8221; border_width=&#8221;2&#8243; css=&#8221;&#8221;][vc_column_text css=&#8221;&#8221;] L\u1edcI N\u00d3I \u0110\u1ea6U C\u1ee6A CH\u1ee6 T\u1ecaCH CHI H\u1ed8I [\/vc_column_text][vc_separator color=&#8221;blue&#8221; style=&#8221;shadow&#8221; border_width=&#8221;2&#8243; css=&#8221;&#8221;][vc_separator style=&#8221;shadow&#8221; border_width=&#8221;2&#8243; css=&#8221;&#8221;][vc_single_image image=&#8221;3582&#8243; img_size=&#8221;medium&#8221; alignment=&#8221;center&#8221; style=&#8221;vc_box_shadow_3d&#8221; css=&#8221;&#8221;][vc_column_text css=&#8221;&#8221;] Ch\u1ee7 t\u1ecbch: TS BS. L\u00ea Quan Anh Tu\u1ea5n Tr\u01b0\u1edfng khoa Ngo\u1ea1i Gan M\u1eadt T\u1ee5y \u2013 B\u1ec7nh vi\u1ec7n \u0110\u1ea1i h\u1ecdc [&hellip;]<\/p>\n","protected":false},"author":1,"featured_media":0,"parent":0,"menu_order":0,"comment_status":"closed","ping_status":"closed","template":"","meta":{"footnotes":""},"class_list":["post-349","page","type-page","status-publish","hentry"],"rttpg_featured_image_url":null,"rttpg_author":{"display_name":"Kavin Nguyen","author_link":"https:\/\/vietnamherniasociety.com\/index.php\/author\/tringuyen72\/"},"rttpg_comment":0,"rttpg_category":null,"rttpg_excerpt":"[vc_row full_width=&#8221;stretch_row_content&#8221; content_placement=&#8221;middle&#8221;][vc_column][vc_separator][vc_separator][vc_single_image image=&#8221;3795&#8243; img_size=&#8221;Full&#8221; style=&#8221;vc_box_shadow_3d&#8221; css=&#8221;&#8221;][\/vc_column][\/vc_row][vc_row opacity_bg_pattern=&#8221;0.1&#8243;][vc_column width=&#8221;2\/3&#8243;][vc_separator color=&#8221;blue&#8221; style=&#8221;shadow&#8221; border_width=&#8221;2&#8243; css=&#8221;&#8221;][vc_column_text css=&#8221;&#8221;] L\u1edcI N\u00d3I \u0110\u1ea6U C\u1ee6A CH\u1ee6 T\u1ecaCH CHI H\u1ed8I [\/vc_column_text][vc_separator color=&#8221;blue&#8221; style=&#8221;shadow&#8221; border_width=&#8221;2&#8243; css=&#8221;&#8221;][vc_separator style=&#8221;shadow&#8221; border_width=&#8221;2&#8243; css=&#8221;&#8221;][vc_single_image image=&#8221;3582&#8243; img_size=&#8221;medium&#8221; alignment=&#8221;center&#8221; style=&#8221;vc_box_shadow_3d&#8221; css=&#8221;&#8221;][vc_column_text css=&#8221;&#8221;] Ch\u1ee7 t\u1ecbch: TS BS. L\u00ea Quan Anh Tu\u1ea5n Tr\u01b0\u1edfng khoa Ngo\u1ea1i Gan M\u1eadt T\u1ee5y \u2013 B\u1ec7nh vi\u1ec7n \u0110\u1ea1i h\u1ecdc&hellip;","_links":{"self":[{"href":"https:\/\/vietnamherniasociety.com\/index.php\/wp-json\/wp\/v2\/pages\/349"}],"collection":[{"href":"https:\/\/vietnamherniasociety.com\/index.php\/wp-json\/wp\/v2\/pages"}],"about":[{"href":"https:\/\/vietnamherniasociety.com\/index.php\/wp-json\/wp\/v2\/types\/page"}],"author":[{"embeddable":true,"href":"https:\/\/vietnamherniasociety.com\/index.php\/wp-json\/wp\/v2\/users\/1"}],"replies":[{"embeddable":true,"href":"https:\/\/vietnamherniasociety.com\/index.php\/wp-json\/wp\/v2\/comments?post=349"}],"version-history":[{"count":453,"href":"https:\/\/vietnamherniasociety.com\/index.php\/wp-json\/wp\/v2\/pages\/349\/revisions"}],"predecessor-version":[{"id":3869,"href":"https:\/\/vietnamherniasociety.com\/index.php\/wp-json\/wp\/v2\/pages\/349\/revisions\/3869"}],"wp:attachment":[{"href":"https:\/\/vietnamherniasociety.com\/index.php\/wp-json\/wp\/v2\/media?parent=349"}],"curies":[{"name":"wp","href":"https:\/\/api.w.org\/{rel}","templated":true}]}}