{"id":3512,"date":"2016-11-29T16:04:13","date_gmt":"2016-11-29T09:04:13","guid":{"rendered":"https:\/\/vietnamherniasociety.com\/?page_id=3512"},"modified":"2024-06-18T09:56:11","modified_gmt":"2024-06-18T02:56:11","slug":"ban-chap-hanh-2","status":"publish","type":"page","link":"https:\/\/vietnamherniasociety.com\/index.php\/ban-chap-hanh-2\/","title":{"rendered":"Ban Ch\u1ea5p H\u00e0nh"},"content":{"rendered":"<div class=\"wpb-content-wrapper\">[vc_row full_width=&#8221;stretch_row_content&#8221; content_placement=&#8221;middle&#8221;][vc_column][vc_separator][vc_separator][vc_single_image image=&#8221;3795&#8243; img_size=&#8221;Full&#8221; style=&#8221;vc_box_shadow_3d&#8221; css=&#8221;&#8221;][\/vc_column][\/vc_row][vc_row opacity_bg_pattern=&#8221;0.1&#8243;][vc_column width=&#8221;2\/3&#8243;][vc_column_text css=&#8221;&#8221;]\r\n<p style=\"text-align: center;\"><span style=\"font-family: Montserrat; font-size: 42px;\"><span style=\"color: #000080;\"><span style=\"caret-color: #000080;\"><b>BAN CH\u1ea4P H\u00c0NH CHI H\u1ed8I<\/b><\/span><\/span><\/span><\/p>\r\n[\/vc_column_text][vc_separator style=&#8221;shadow&#8221; css=&#8221;&#8221;][vc_column_text css=&#8221;&#8221;]\r\n<p style=\"font-weight: 400;\"><span style=\"color: #1e73be; font-size: 16px; font-family: 'Cabin Condensed';\"><strong>Ch\u1ee7 t\u1ecbch: TS BS. L\u00ea Quan Anh Tu\u1ea5n &#8211; Tr\u01b0\u1edfng khoa Ngo\u1ea1i Gan M\u1eadt T\u1ee5y &#8211; B\u1ec7nh vi\u1ec7n \u0110\u1ea1i h\u1ecdc Y D\u01b0\u1ee3c TPHCM<\/strong><\/span><\/p>\r\n<p style=\"font-weight: 400;\"><span style=\"color: #1e73be; font-size: 16px; font-family: 'Cabin Condensed';\"><strong>Ph\u00f3 Ch\u1ee7 t\u1ecbch: TS BS. D\u01b0\u01a1ng Tr\u1ecdng Hi\u1ec1n &#8211; Tr\u01b0\u1edfng khoa Ph\u1eabu thu\u1eadt C\u1ea5p c\u1ee9u Ti\u00eau h\u00f3a &#8211; B\u1ec7nh vi\u1ec7n H\u1eefu Ngh\u1ecb Vi\u1ec7t \u0110\u1ee9c\u00a0<\/strong><\/span><\/p>\r\n<p style=\"font-weight: 400;\"><span style=\"color: #1e73be; font-size: 16px; font-family: 'Cabin Condensed';\"><strong>Ph\u00f3 Ch\u1ee7 t\u1ecbch: TS BS CKII. La V\u0103n Ph\u00fa &#8211; Tr\u01b0\u1edfng khoa Ngo\u1ea1i t\u1ed5ng h\u1ee3p &#8211; B\u1ec7nh vi\u1ec7n \u0110a khoa TP C\u1ea7n Th\u01a1<\/strong><\/span><\/p>\r\n<p style=\"font-weight: 400;\"><span style=\"color: #1e73be; font-size: 16px; font-family: 'Cabin Condensed';\"><strong>Th\u01b0 k\u00fd: TS BS. Ph\u1ea1m Minh H\u1ea3i &#8211; Khoa Ngo\u1ea1i Gan M\u1eadt T\u1ee5y &#8211; B\u1ec7nh vi\u1ec7n \u0110\u1ea1i h\u1ecdc Y D\u01b0\u1ee3c TPHCM<\/strong><\/span><\/p>\r\n<p style=\"font-weight: 400;\"><span style=\"font-size: 16px; font-family: 'Cabin Condensed';\"><strong>Th\u00e0nh vi\u00ean:<\/strong><\/span><\/p>\r\n\r\n<ul>\r\n \t<li><span style=\"font-family: 'Cabin Condensed'; font-size: 16px;\">PGS TS BS. Nguy\u1ec5n \u0110\u1ee9c Ti\u1ebfn &#8211; T\u1ed5ng Th\u01b0 k\u00fd H\u1ed9i Ngo\u1ea1i khoa v\u00e0 Ph\u1eabu thu\u1eadt N\u1ed9i soi Vi\u1ec7t Nam &#8211; B\u1ec7nh vi\u1ec7n H\u1eefu Ngh\u1ecb Vi\u1ec7t \u0110\u1ee9c<\/span><\/li>\r\n \t<li><span style=\"font-family: 'Cabin Condensed'; font-size: 16px;\">PGS TS BS. Ph\u1ea1m Anh V\u0169 &#8211; Tr\u01b0\u1edfng khoa Ngo\u1ea1i ti\u00eau h\u00f3a &#8211; B\u1ec7nh vi\u1ec7n \u0110\u1ea1i h\u1ecdc Y D\u01b0\u1ee3c Hu\u1ebf<\/span><\/li>\r\n \t<li><span style=\"font-family: 'Cabin Condensed'; font-size: 16px;\">PGS TS BS. Nguy\u1ec5n Anh Tu\u1ea5n &#8211; Tr\u01b0\u1edfng khoa Ti\u00eau h\u00f3a &#8211; B\u1ec7nh vi\u1ec7n Trung \u01b0\u01a1ng Qu\u00e2n \u0111\u1ed9i 108<\/span><\/li>\r\n \t<li><span style=\"font-family: 'Cabin Condensed'; font-size: 16px;\">TS BS. Phan \u0110\u00ecnh Tu\u1ea5n D\u0169ng &#8211; Ph\u00f3 tr\u01b0\u1edfng Khoa Ngo\u1ea1i Ti\u00eau Ho\u00e1 &#8211; B\u1ec7nh vi\u1ec7n \u0110\u1ea1i h\u1ecdc Y D\u01b0\u1ee3c Hu\u1ebf<\/span><\/li>\r\n \t<li>TS BS. Phan H\u1ea3i Thanh &#8211; Tr\u01b0\u1edfng khoa Ngo\u1ea1i t\u1ed5ng h\u1ee3p &#8211; Trung t\u00e2m \u0110i\u1ec1u tr\u1ecb theo y\u00eau c\u1ea7u &amp; Qu\u1ed1c t\u1ebf &#8211; B\u1ec7nh vi\u1ec7n Trung \u01af\u01a1ng Hu\u1ebf<\/li>\r\n \t<li><span style=\"font-family: 'Cabin Condensed'; font-size: 16px;\">TS BS. Tr\u1ecbnh V\u0103n Th\u1ea3o &#8211; Ch\u1ee7 nhi\u1ec7m khoa Ngo\u1ea1i b\u1ee5ng &#8211; B\u1ec7nh vi\u1ec7n Qu\u00e2n Y 175<\/span><\/li>\r\n \t<li><span style=\"font-family: 'Cabin Condensed'; font-size: 16px;\">TS BS. Tr\u1ea7n M\u1ea1nh H\u00f9ng &#8211; Tr\u01b0\u1edfng Khoa Ngo\u1ea1i t\u1ed5ng h\u1ee3p &#8211; B\u1ec7nh vi\u1ec7n B\u1ea1ch Mai<\/span><\/li>\r\n \t<li><span style=\"font-family: 'Cabin Condensed'; font-size: 16px;\">TS BS. S\u1eed Qu\u1ed1c Kh\u1edfi &#8211; B\u1ec7nh vi\u1ec7n \u0110a khoa Ki\u00ean Giang<\/span><\/li>\r\n \t<li><span style=\"font-family: 'Cabin Condensed'; font-size: 16px;\">TS BS. Tr\u1ea7n Ph\u00f9ng D\u0169ng Ti\u1ebfn &#8211; Tr\u01b0\u1edfng khoa Ngo\u1ea1i ti\u00eau h\u00f3a &#8211; B\u1ec7nh vi\u1ec7n Ch\u1ee3 R\u1eaby<\/span><\/li>\r\n \t<li><span style=\"font-family: 'Cabin Condensed'; font-size: 16px;\">TS BS. L\u00ea Huy L\u01b0u &#8211; Tr\u01b0\u1edfng khoa Ngo\u1ea1i Ti\u00eau h\u00f3a &#8211; B\u1ec7nh vi\u1ec7n Nguy\u1ec5n Tri Ph\u01b0\u01a1ng<\/span><\/li>\r\n \t<li><span style=\"font-family: 'Cabin Condensed'; font-size: 16px;\">BS CKII. L\u00ea Huy C\u01b0\u1eddng &#8211; Tr\u01b0\u1edfng khoa Ngo\u1ea1i T\u1ed5ng h\u1ee3p &#8211; B\u1ec7nh vi\u1ec7n \u0110a khoa Trung t\u00e2m An Giang<\/span><\/li>\r\n \t<li><span style=\"font-family: 'Cabin Condensed'; font-size: 16px;\">BS CKII. Ph\u1ea1m Vi\u1ec7t H\u00f9ng &#8211; Tr\u01b0\u1edfng khoa Ngo\u1ea1i &#8211; B\u1ec7nh vi\u1ec7n \u0110a khoa t\u1ec9nh Qu\u1ea3ng Ninh<\/span><\/li>\r\n \t<li><span style=\"font-family: 'Cabin Condensed'; font-size: 16px;\">BS CKII. T\u1ed1ng H\u1ea3i D\u01b0\u01a1ng &#8211; Ph\u00f3 Tr\u01b0\u1edfng khoa Ngo\u1ea1i t\u1ed5ng h\u1ee3p &#8211; B\u1ec7nh vi\u1ec7n \u0110a khoa TP C\u1ea7n Th\u01a1<\/span><\/li>\r\n \t<li><span style=\"font-family: 'Cabin Condensed'; font-size: 16px;\">ThS BS. Nguy\u1ec5n V\u0103n Tu\u1ea5n &#8211; Tr\u01b0\u1edfng khoa Ngo\u1ea1i T\u1ed5ng h\u1ee3p &#8211; B\u1ec7nh vi\u1ec7n Tr\u01b0\u1eddng \u0110\u1ea1i h\u1ecdc Y D\u01b0\u1ee3c C\u1ea7n Th\u01a1<\/span><\/li>\r\n \t<li><span style=\"font-family: 'Cabin Condensed'; font-size: 16px;\">ThS BS. D\u01b0\u01a1ng Th\u1ecb Ng\u1ecdc Sang &#8211; Khoa Ngo\u1ea1i Gan M\u1eadt T\u1ee5y &#8211; B\u1ec7nh vi\u1ec7n \u0110\u1ea1i h\u1ecdc Y D\u01b0\u1ee3c TPHCM<\/span><\/li>\r\n \t<li><span style=\"font-family: 'Cabin Condensed'; font-size: 16px;\">ThS BS. Ph\u1ea1m Nh\u01b0 Hi\u1ec3n &#8211; Khoa Ngo\u1ea1i Nhi &#8211; C\u1ea5p c\u1ee9u b\u1ee5ng &#8211; B\u1ec7nh vi\u1ec7n Trung \u01b0\u01a1ng Hu\u1ebf<\/span><\/li>\r\n<\/ul>\r\n[\/vc_column_text][\/vc_column][vc_column width=&#8221;1\/3&#8243; css=&#8221;.vc_custom_1657122559544{padding-top: 20px !important;}&#8221;]<div class=\"countdown text-right \"><p>H\u1ed9i ngh\u1ecb Tho\u00e1t v\u1ecb Vi\u1ec7t Nam L\u1ea7n 1 c\u00f2n l\u1ea1i:<\/p><div  class=\"eventry_clock\" data-time=\"2024\/07\/19 20:00:00\" data-days=\"Days\" data-hours=\"Hrs\" data-minutes=\"Min\" data-seconds=\"Sec\" ><\/div><\/div>[vc_separator style=&#8221;shadow&#8221; css=&#8221;&#8221;][vc_btn title=&#8221;TIN T\u1ee8C&#8221; style=&#8221;3d&#8221; color=&#8221;primary&#8221; align=&#8221;center&#8221; i_type=&#8221;linecons&#8221; i_icon_linecons=&#8221;vc_li vc_li-note&#8221; css_animation=&#8221;bounceIn&#8221; css=&#8221;&#8221; add_icon=&#8221;true&#8221;]<div class=\"wppm wppm-list columns-1 gutter-6 list-gutter-6 split-25-75 circle-img no-border wppm_custom_css_1\"><div id=\"post-4042\" class=\"wppm-post 4042 post-4042 post type-post status-publish format-image hentry category-tin-moi-nhat post_format-post-format-image no-image\"><div class=\"post-content\"><h2 class=\"entry-title fs-16 fw-600\"><a href=\"https:\/\/vietnamherniasociety.com\/index.php\/2025\/08\/08\/hinh-anh-ve-hoi-nghi-thoat-vi-viet-nam-lan-2\/\" title=\"H\u00ccNH \u1ea2NH V\u1ec0 H\u1ed8I NGH\u1eca THO\u00c1T V\u1eca VI\u1ec6T NAM L\u1ea6N 2\">H\u00ccNH \u1ea2NH V\u1ec0 H\u1ed8I NGH\u1eca THO\u00c1T V\u1eca VI\u1ec6T NAM L\u1ea6N 2<\/a><\/h2><aside class=\"meta-row row-3 schema-only\"><div class=\"meta-col\"><ul class=\"entry-meta\"><li class=\"post-time schema-only\"><time class=\"entry-date updated\" datetime=\"2025-08-08T15:24:31+07:00\">2025-08-08<\/time><\/li><li class=\"post-author schema-only\"><span class=\"screen-reader-text\">Author<\/span><a href=\"https:\/\/vietnamherniasociety.com\/index.php\/author\/ad-chihoi\/\"><span class=\"vcard author CHI H\u1ed8I THO\u00c1T V\u1eca VI\u1ec6T NAM\"><span class=\"fn\">CHI H\u1ed8I THO\u00c1T V\u1eca VI\u1ec6T NAM<\/span><\/span><\/a><\/li><\/ul><\/div><\/aside><\/div><\/div><div id=\"post-4022\" class=\"wppm-post 4022 post-4022 post type-post status-publish format-image hentry category-tin-moi-nhat post_format-post-format-image no-image\"><div class=\"post-content\"><h2 class=\"entry-title fs-16 fw-600\"><a href=\"https:\/\/vietnamherniasociety.com\/index.php\/2025\/08\/08\/thu-cam-on-hoi-nghi-thoat-vi-viet-nam-lan-2\/\" title=\"TH\u01af C\u1ea2M \u01a0N &#8211; H\u1ed8I NGH\u1eca THO\u00c1T V\u1eca VI\u1ec6T NAM L\u1ea6N 2\">TH\u01af C\u1ea2M \u01a0N &#8211; H\u1ed8I NGH\u1eca THO\u00c1T V\u1eca VI\u1ec6T NAM L\u1ea6N 2<\/a><\/h2><aside class=\"meta-row row-3 schema-only\"><div class=\"meta-col\"><ul class=\"entry-meta\"><li class=\"post-time schema-only\"><time class=\"entry-date updated\" datetime=\"2025-08-08T14:38:39+07:00\">2025-08-08<\/time><\/li><li class=\"post-author schema-only\"><span class=\"screen-reader-text\">Author<\/span><a href=\"https:\/\/vietnamherniasociety.com\/index.php\/author\/ad-chihoi\/\"><span class=\"vcard author CHI H\u1ed8I THO\u00c1T V\u1eca VI\u1ec6T NAM\"><span class=\"fn\">CHI H\u1ed8I THO\u00c1T V\u1eca VI\u1ec6T NAM<\/span><\/span><\/a><\/li><\/ul><\/div><\/aside><\/div><\/div><div id=\"post-4011\" class=\"wppm-post 4011 post-4011 post type-post status-publish format-standard hentry category-tin-moi-nhat no-image\"><div class=\"post-content\"><h2 class=\"entry-title fs-16 fw-600\"><a href=\"https:\/\/vietnamherniasociety.com\/index.php\/2025\/07\/07\/thong-bao-so-2-ve-viec-dang-ky-tham-du-chuong-trinh-dao-tao-lien-tuc-tien-hoi-nghi-thoat-vi-viet-nam-lan-2-va-chuong-trinh-chi-tiet-hoi-nghi-thoat-vi-viet-nam-lan-2\/\" title=\"TH\u00d4NG B\u00c1O S\u1ed0 2: V\u1ec1 vi\u1ec7c \u0111\u0103ng k\u00fd tham d\u01b0\u0323 Ch\u01b0\u01a1ng tr\u00ecnh \u0111\u00e0o ta\u0323o li\u00ean t\u1ee5c Ti\u1ec1n H\u00f4\u0323i ngh\u1ecb Tho\u00e1t v\u1ecb Vi\u1ec7t Nam l\u1ea7n 2 v\u00e0 Ch\u01b0\u01a1ng tr\u00ecnh chi ti\u1ebft H\u00f4\u0323i ngh\u1ecb Tho\u00e1t v\u1ecb Vi\u1ec7t Nam l\u1ea7n 2\">TH\u00d4NG B\u00c1O S\u1ed0 2: V\u1ec1 vi\u1ec7c \u0111\u0103ng k\u00fd tham d\u01b0\u0323 Ch\u01b0\u01a1ng tr\u00ecnh \u0111\u00e0o ta\u0323o li\u00ean t\u1ee5c Ti\u1ec1n H\u00f4\u0323i ngh\u1ecb Tho\u00e1t v\u1ecb Vi\u1ec7t Nam l\u1ea7n 2 v\u00e0 Ch\u01b0\u01a1ng tr\u00ecnh chi ti\u1ebft H\u00f4\u0323i ngh\u1ecb Tho\u00e1t v\u1ecb Vi\u1ec7t Nam l\u1ea7n 2<\/a><\/h2><aside class=\"meta-row row-3 schema-only\"><div class=\"meta-col\"><ul class=\"entry-meta\"><li class=\"post-time schema-only\"><time class=\"entry-date updated\" datetime=\"2025-07-07T12:38:17+07:00\">2025-07-07<\/time><\/li><li class=\"post-author schema-only\"><span class=\"screen-reader-text\">Author<\/span><a href=\"https:\/\/vietnamherniasociety.com\/index.php\/author\/ad-chihoi\/\"><span class=\"vcard author CHI H\u1ed8I THO\u00c1T V\u1eca VI\u1ec6T NAM\"><span class=\"fn\">CHI H\u1ed8I THO\u00c1T V\u1eca VI\u1ec6T NAM<\/span><\/span><\/a><\/li><\/ul><\/div><\/aside><\/div><\/div><div id=\"post-3991\" class=\"wppm-post 3991 post-3991 post type-post status-publish format-standard has-post-thumbnail hentry category-tin-moi-nhat\"><div class=\"post-img-wrap\"><div class=\"post-img\"><a href=\"https:\/\/vietnamherniasociety.com\/index.php\/2025\/04\/13\/thong-bao-so-1-ve-viec-dang-ky-tham-du-va-bao-cao-tai-hoi-nghi-thoat-vi-viet-nam-lan-2\/\" title=\"TH\u00d4NG B\u00c1O S\u1ed0 1 &#8211; V\u1ec1 vi\u1ec7c \u0111\u0103ng k\u00fd tham d\u1ef1 v\u00e0 b\u00e1o c\u00e1o t\u1ea1i H\u1ed9i ngh\u1ecb Tho\u00e1t v\u1ecb Vi\u1ec7t Nam l\u1ea7n 2\"><img decoding=\"async\" class=\"wppm-img\" src=\"https:\/\/vietnamherniasociety.com\/wp-content\/uploads\/bfi_thumb\/logo-chi-hoi-thoat-vi-e1718267375558-7f3x0n7olqhxb2fg6oqk4b5q7bruq95ms1qe3h9r9n6.png\" alt=\"TH\u00d4NG B\u00c1O S\u1ed0 1 &#8211; V\u1ec1 vi\u1ec7c \u0111\u0103ng k\u00fd tham d\u1ef1 v\u00e0 b\u00e1o c\u00e1o t\u1ea1i H\u1ed9i ngh\u1ecb Tho\u00e1t v\u1ecb Vi\u1ec7t Nam l\u1ea7n 2\" title=\"TH\u00d4NG B\u00c1O S\u1ed0 1 &#8211; V\u1ec1 vi\u1ec7c \u0111\u0103ng k\u00fd tham d\u1ef1 v\u00e0 b\u00e1o c\u00e1o t\u1ea1i H\u1ed9i ngh\u1ecb Tho\u00e1t v\u1ecb Vi\u1ec7t Nam l\u1ea7n 2\"\/><\/a><\/div><\/div><div class=\"post-content\"><h2 class=\"entry-title fs-16 fw-600\"><a href=\"https:\/\/vietnamherniasociety.com\/index.php\/2025\/04\/13\/thong-bao-so-1-ve-viec-dang-ky-tham-du-va-bao-cao-tai-hoi-nghi-thoat-vi-viet-nam-lan-2\/\" title=\"TH\u00d4NG B\u00c1O S\u1ed0 1 &#8211; V\u1ec1 vi\u1ec7c \u0111\u0103ng k\u00fd tham d\u1ef1 v\u00e0 b\u00e1o c\u00e1o t\u1ea1i H\u1ed9i ngh\u1ecb Tho\u00e1t v\u1ecb Vi\u1ec7t Nam l\u1ea7n 2\">TH\u00d4NG B\u00c1O S\u1ed0 1 &#8211; V\u1ec1 vi\u1ec7c \u0111\u0103ng k\u00fd tham d\u1ef1 v\u00e0 b\u00e1o c\u00e1o t\u1ea1i H\u1ed9i ngh\u1ecb Tho\u00e1t v\u1ecb Vi\u1ec7t Nam l\u1ea7n 2<\/a><\/h2><aside class=\"meta-row row-3 schema-only\"><div class=\"meta-col\"><ul class=\"entry-meta\"><li class=\"post-time schema-only\"><time class=\"entry-date updated\" datetime=\"2025-04-13T15:56:00+07:00\">2025-04-13<\/time><\/li><li class=\"post-author schema-only\"><span class=\"screen-reader-text\">Author<\/span><a href=\"https:\/\/vietnamherniasociety.com\/index.php\/author\/ad-chihoi\/\"><span class=\"vcard author CHI H\u1ed8I THO\u00c1T V\u1eca VI\u1ec6T NAM\"><span class=\"fn\">CHI H\u1ed8I THO\u00c1T V\u1eca VI\u1ec6T NAM<\/span><\/span><\/a><\/li><\/ul><\/div><\/aside><\/div><\/div><div id=\"post-3971\" class=\"wppm-post 3971 post-3971 post type-post status-publish format-standard has-post-thumbnail hentry category-chuong-trinh-du-an category-tin-moi-nhat\"><div class=\"post-img-wrap\"><div class=\"post-img\"><a href=\"https:\/\/vietnamherniasociety.com\/index.php\/2025\/02\/21\/hoi-thao-aphs-he-dieu-tri-thoat-vi-ben-va-thoat-vi-thanh-bung\/\" title=\"H\u1ed9i th\u1ea3o APHS HE: \u0110i\u1ec1u tr\u1ecb tho\u00e1t v\u1ecb b\u1eb9n v\u00e0 tho\u00e1t v\u1ecb th\u00e0nh b\u1ee5ng\"><img decoding=\"async\" class=\"wppm-img\" src=\"https:\/\/vietnamherniasociety.com\/wp-content\/uploads\/bfi_thumb\/APHS-HE-1-e1740132864769-7iia6e9xlirpuyjyi212q3xape0egv7j5z48bw1gmfm.png\" alt=\"H\u1ed9i th\u1ea3o APHS HE: \u0110i\u1ec1u tr\u1ecb tho\u00e1t v\u1ecb b\u1eb9n v\u00e0 tho\u00e1t v\u1ecb th\u00e0nh b\u1ee5ng\" title=\"H\u1ed9i th\u1ea3o APHS HE: \u0110i\u1ec1u tr\u1ecb tho\u00e1t v\u1ecb b\u1eb9n v\u00e0 tho\u00e1t v\u1ecb th\u00e0nh b\u1ee5ng\"\/><\/a><\/div><\/div><div class=\"post-content\"><h2 class=\"entry-title fs-16 fw-600\"><a href=\"https:\/\/vietnamherniasociety.com\/index.php\/2025\/02\/21\/hoi-thao-aphs-he-dieu-tri-thoat-vi-ben-va-thoat-vi-thanh-bung\/\" title=\"H\u1ed9i th\u1ea3o APHS HE: \u0110i\u1ec1u tr\u1ecb tho\u00e1t v\u1ecb b\u1eb9n v\u00e0 tho\u00e1t v\u1ecb th\u00e0nh b\u1ee5ng\">H\u1ed9i th\u1ea3o APHS HE: \u0110i\u1ec1u tr\u1ecb tho\u00e1t v\u1ecb b\u1eb9n v\u00e0 tho\u00e1t v\u1ecb th\u00e0nh b\u1ee5ng<\/a><\/h2><aside class=\"meta-row row-3 schema-only\"><div class=\"meta-col\"><ul class=\"entry-meta\"><li class=\"post-time schema-only\"><time class=\"entry-date updated\" datetime=\"2025-02-21T17:16:29+07:00\">2025-02-21<\/time><\/li><li class=\"post-author schema-only\"><span class=\"screen-reader-text\">Author<\/span><a href=\"https:\/\/vietnamherniasociety.com\/index.php\/author\/ad-chihoi\/\"><span class=\"vcard author CHI H\u1ed8I THO\u00c1T V\u1eca VI\u1ec6T NAM\"><span class=\"fn\">CHI H\u1ed8I THO\u00c1T V\u1eca VI\u1ec6T NAM<\/span><\/span><\/a><\/li><\/ul><\/div><\/aside><\/div><\/div><div id=\"post-3925\" class=\"wppm-post 3925 post-3925 post type-post status-publish format-standard has-post-thumbnail hentry category-bai-bao-va-nghien-cuu category-chuong-trinh-du-an category-thong-cao-bao-chi category-tin-moi-nhat\"><div class=\"post-img-wrap\"><div class=\"post-img\"><a href=\"https:\/\/vietnamherniasociety.com\/index.php\/2024\/08\/29\/chuong-trinh-uu-dai-dang-ky-som-cua-wchs\/\" title=\"Ch\u01b0\u01a1ng tr\u00ecnh \u01afu \u0111\u00e3i \u0110\u0103ng k\u00fd S\u1edbm c\u1ee7a WCHS\"><img decoding=\"async\" class=\"wppm-img\" src=\"https:\/\/vietnamherniasociety.com\/wp-content\/uploads\/bfi_thumb\/E2FBD3FE-43E3-4432-97FE-CBFC29D7D73A-7g5798xtwkrep721as7w70v3cao3np3petvs9ytwej6.png\" alt=\"Ch\u01b0\u01a1ng tr\u00ecnh \u01afu \u0111\u00e3i \u0110\u0103ng k\u00fd S\u1edbm c\u1ee7a WCHS\" title=\"Ch\u01b0\u01a1ng tr\u00ecnh \u01afu \u0111\u00e3i \u0110\u0103ng k\u00fd S\u1edbm c\u1ee7a WCHS\"\/><\/a><\/div><\/div><div class=\"post-content\"><h2 class=\"entry-title fs-16 fw-600\"><a href=\"https:\/\/vietnamherniasociety.com\/index.php\/2024\/08\/29\/chuong-trinh-uu-dai-dang-ky-som-cua-wchs\/\" title=\"Ch\u01b0\u01a1ng tr\u00ecnh \u01afu \u0111\u00e3i \u0110\u0103ng k\u00fd S\u1edbm c\u1ee7a WCHS\">Ch\u01b0\u01a1ng tr\u00ecnh \u01afu \u0111\u00e3i \u0110\u0103ng k\u00fd S\u1edbm c\u1ee7a WCHS<\/a><\/h2><aside class=\"meta-row row-3 schema-only\"><div class=\"meta-col\"><ul class=\"entry-meta\"><li class=\"post-time schema-only\"><time class=\"entry-date updated\" datetime=\"2024-08-29T18:10:54+07:00\">2024-08-29<\/time><\/li><li class=\"post-author schema-only\"><span class=\"screen-reader-text\">Author<\/span><a href=\"https:\/\/vietnamherniasociety.com\/index.php\/author\/ad-chihoi\/\"><span class=\"vcard author CHI H\u1ed8I THO\u00c1T V\u1eca VI\u1ec6T NAM\"><span class=\"fn\">CHI H\u1ed8I THO\u00c1T V\u1eca VI\u1ec6T NAM<\/span><\/span><\/a><\/li><\/ul><\/div><\/aside><\/div><\/div><\/div>[\/vc_column][\/vc_row][vc_row][vc_column][vc_separator color=&#8221;custom&#8221; style=&#8221;shadow&#8221; accent_color=&#8221;#4a88bf&#8221;][\/vc_column][\/vc_row]<\/div>","protected":false},"excerpt":{"rendered":"<p>[vc_row full_width=&#8221;stretch_row_content&#8221; content_placement=&#8221;middle&#8221;][vc_column][vc_separator][vc_separator][vc_single_image image=&#8221;3795&#8243; img_size=&#8221;Full&#8221; style=&#8221;vc_box_shadow_3d&#8221; css=&#8221;&#8221;][\/vc_column][\/vc_row][vc_row opacity_bg_pattern=&#8221;0.1&#8243;][vc_column width=&#8221;2\/3&#8243;][vc_column_text css=&#8221;&#8221;] BAN CH\u1ea4P H\u00c0NH CHI H\u1ed8I [\/vc_column_text][vc_separator style=&#8221;shadow&#8221; css=&#8221;&#8221;][vc_column_text css=&#8221;&#8221;] Ch\u1ee7 t\u1ecbch: TS BS. L\u00ea Quan Anh Tu\u1ea5n &#8211; Tr\u01b0\u1edfng khoa Ngo\u1ea1i Gan M\u1eadt T\u1ee5y &#8211; B\u1ec7nh vi\u1ec7n \u0110\u1ea1i h\u1ecdc Y D\u01b0\u1ee3c TPHCM Ph\u00f3 Ch\u1ee7 t\u1ecbch: TS BS. D\u01b0\u01a1ng Tr\u1ecdng Hi\u1ec1n &#8211; Tr\u01b0\u1edfng khoa Ph\u1eabu thu\u1eadt [&hellip;]<\/p>\n","protected":false},"author":1,"featured_media":0,"parent":0,"menu_order":0,"comment_status":"closed","ping_status":"closed","template":"","meta":{"footnotes":""},"class_list":["post-3512","page","type-page","status-publish","hentry"],"rttpg_featured_image_url":null,"rttpg_author":{"display_name":"Kavin Nguyen","author_link":"https:\/\/vietnamherniasociety.com\/index.php\/author\/tringuyen72\/"},"rttpg_comment":0,"rttpg_category":"","rttpg_excerpt":"[vc_row full_width=&#8221;stretch_row_content&#8221; content_placement=&#8221;middle&#8221;][vc_column][vc_separator][vc_separator][vc_single_image image=&#8221;3795&#8243; img_size=&#8221;Full&#8221; style=&#8221;vc_box_shadow_3d&#8221; css=&#8221;&#8221;][\/vc_column][\/vc_row][vc_row opacity_bg_pattern=&#8221;0.1&#8243;][vc_column width=&#8221;2\/3&#8243;][vc_column_text css=&#8221;&#8221;] BAN CH\u1ea4P H\u00c0NH CHI H\u1ed8I [\/vc_column_text][vc_separator style=&#8221;shadow&#8221; css=&#8221;&#8221;][vc_column_text css=&#8221;&#8221;] Ch\u1ee7 t\u1ecbch: TS BS. L\u00ea Quan Anh Tu\u1ea5n &#8211; Tr\u01b0\u1edfng khoa Ngo\u1ea1i Gan M\u1eadt T\u1ee5y &#8211; B\u1ec7nh vi\u1ec7n \u0110\u1ea1i h\u1ecdc Y D\u01b0\u1ee3c TPHCM Ph\u00f3 Ch\u1ee7 t\u1ecbch: TS BS. D\u01b0\u01a1ng Tr\u1ecdng Hi\u1ec1n &#8211; Tr\u01b0\u1edfng khoa Ph\u1eabu thu\u1eadt&hellip;","_links":{"self":[{"href":"https:\/\/vietnamherniasociety.com\/index.php\/wp-json\/wp\/v2\/pages\/3512"}],"collection":[{"href":"https:\/\/vietnamherniasociety.com\/index.php\/wp-json\/wp\/v2\/pages"}],"about":[{"href":"https:\/\/vietnamherniasociety.com\/index.php\/wp-json\/wp\/v2\/types\/page"}],"author":[{"embeddable":true,"href":"https:\/\/vietnamherniasociety.com\/index.php\/wp-json\/wp\/v2\/users\/1"}],"replies":[{"embeddable":true,"href":"https:\/\/vietnamherniasociety.com\/index.php\/wp-json\/wp\/v2\/comments?post=3512"}],"version-history":[{"count":8,"href":"https:\/\/vietnamherniasociety.com\/index.php\/wp-json\/wp\/v2\/pages\/3512\/revisions"}],"predecessor-version":[{"id":3822,"href":"https:\/\/vietnamherniasociety.com\/index.php\/wp-json\/wp\/v2\/pages\/3512\/revisions\/3822"}],"wp:attachment":[{"href":"https:\/\/vietnamherniasociety.com\/index.php\/wp-json\/wp\/v2\/media?parent=3512"}],"curies":[{"name":"wp","href":"https:\/\/api.w.org\/{rel}","templated":true}]}}