{"id":3520,"date":"2016-11-29T16:04:13","date_gmt":"2016-11-29T09:04:13","guid":{"rendered":"https:\/\/vietnamherniasociety.com\/?page_id=3520"},"modified":"2024-06-25T13:34:46","modified_gmt":"2024-06-25T06:34:46","slug":"lich-su-chi-hoi","status":"publish","type":"page","link":"https:\/\/vietnamherniasociety.com\/index.php\/lich-su-chi-hoi\/","title":{"rendered":"L\u1ecbch s\u1eed Chi h\u1ed9i"},"content":{"rendered":"<div class=\"wpb-content-wrapper\">[vc_row full_width=&#8221;stretch_row_content&#8221; content_placement=&#8221;middle&#8221;][vc_column][vc_separator][vc_separator][vc_single_image image=&#8221;3795&#8243; img_size=&#8221;Full&#8221; style=&#8221;vc_box_shadow_3d&#8221; css=&#8221;&#8221;][\/vc_column][\/vc_row][vc_row opacity_bg_pattern=&#8221;0.1&#8243;][vc_column width=&#8221;2\/3&#8243;][vc_column_text css=&#8221;&#8221;]\r\n<p style=\"text-align: center;\"><span style=\"font-family: Montserrat; font-size: 50px;\"><span style=\"color: #000080;\"><span style=\"caret-color: #000080;\"><b>L\u1ecaCH S\u1eec CHI H\u1ed8I<\/b><\/span><\/span><\/span><\/p>\r\n[\/vc_column_text][vc_separator style=&#8221;shadow&#8221; css=&#8221;&#8221;][vc_column_text css=&#8221;&#8221;]<span style=\"font-size: 22px;\"><strong>Gi\u1edbi thi\u1ec7u:<\/strong><\/span>\r\n\r\n<span style=\"font-size: 16px;\">Chi h\u1ed9i Tho\u00e1t v\u1ecb Vi\u1ec7t Nam thu\u1ed9c H\u1ed9i Ngo\u1ea1i khoa v\u00e0 Ph\u1eabu thu\u1eadt n\u1ed9i soi Vi\u1ec7t Nam \u0111\u00e3 \u0111\u01b0\u1ee3c th\u00e0nh l\u1eadp theo Quy\u1ebft \u0111\u1ecbnh s\u1ed1 51\/Q\u0110-NKN&amp;PTNS, ng\u00e0y 07\/12\/2023. L\u1ec5 ra m\u1eaft Ban ch\u1ea5p h\u00e0nh l\u00e2m th\u1eddi c\u1ee7a 2 Chi h\u1ed9i \u0111\u00e3 \u0111\u01b0\u1ee3c di\u1ec5n ra t\u1ea1i B\u00ecnh \u0110\u1ecbnh v\u00e0o ng\u00e0y 08\/12\/2023.<\/span>\r\n\r\n<span style=\"font-family: 'Cabin Condensed'; font-size: 18px;\"><img loading=\"lazy\" decoding=\"async\" class=\"aligncenter wp-image-3522 size-full\" src=\"https:\/\/vietnamherniasociety.com\/wp-content\/uploads\/2024\/06\/Picture1.jpg\" alt=\"\" width=\"442\" height=\"295\" srcset=\"https:\/\/vietnamherniasociety.com\/wp-content\/uploads\/2024\/06\/Picture1.jpg 442w, https:\/\/vietnamherniasociety.com\/wp-content\/uploads\/2024\/06\/Picture1-300x200.jpg 300w\" sizes=\"(max-width: 442px) 100vw, 442px\" \/><\/span>\r\n\r\n<span style=\"font-size: 16px; font-family: 'Cabin Condensed';\">Trong n\u0103m 2024, Chi h\u1ed9i s\u1ebd t\u1ed5 ch\u1ee9c H\u1ed9i ngh\u1ecb nh\u1eb1m \u0111\u1ec3 ki\u1ec7n to\u00e0n Ban ch\u1ea5p h\u00e0nh Chi h\u1ed9i v\u00e0 t\u1ea1o ra di\u1ec5n \u0111\u00e0n chia s\u1ebb kinh nghi\u1ec7m, ki\u1ebfn th\u1ee9c m\u1edbi trong l\u0129nh v\u1ef1c chuy\u00ean ng\u00e0nh. Ch\u00fang t\u00f4i s\u1ebd th\u00f4ng tin \u0111\u1ebfn Qu\u00fd \u0111\u1ed3ng nghi\u1ec7p v\u1ec1 th\u1eddi gian t\u1ed5 ch\u1ee9c c\u1ee7a H\u1ed9i ngh\u1ecb khi c\u00f3 ch\u01b0\u01a1ng tr\u00ecnh k\u1ebf ho\u1ea1ch chi ti\u1ebft.<\/span>\r\n\r\n<span style=\"font-size: 16px; font-family: 'Cabin Condensed';\">V\u1edbi t\u00f4n ch\u1ec9 l\u00e0 g\u00f3p ph\u1ea7n ch\u0103m s\u00f3c s\u1ee9c kh\u1ecfe Nh\u00e2n d\u00e2n, x\u00e2y d\u1ef1ng n\u1ec1n y h\u1ecdc Vi\u1ec7t Nam ti\u1ebfn b\u1ed9 v\u00e0 ph\u00e1t tri\u1ec3n, ch\u00fang t\u00f4i hy v\u1ecdng s\u1ebd c\u00f9ng nhau th\u1ef1c hi\u1ec7n c\u00e1c ho\u1ea1t \u0111\u1ed9ng \u00fd ngh\u0129a \u0111\u1ec3 \u0111\u00f3ng g\u00f3p t\u00edch c\u1ef1c v\u00e0o vi\u1ec7c ch\u0103m s\u00f3c s\u1ee9c kh\u1ecfe c\u1ee7a c\u1ed9ng \u0111\u1ed3ng.<\/span>[\/vc_column_text][\/vc_column][vc_column width=&#8221;1\/3&#8243; css=&#8221;.vc_custom_1657122559544{padding-top: 20px !important;}&#8221;]<div class=\"countdown text-right \"><p>H\u1ed9i ngh\u1ecb Tho\u00e1t v\u1ecb Vi\u1ec7t Nam L\u1ea7n 1 c\u00f2n l\u1ea1i:<\/p><div  class=\"eventry_clock\" data-time=\"2024\/07\/19 20:00:00\" data-days=\"Days\" data-hours=\"Hrs\" data-minutes=\"Min\" data-seconds=\"Sec\" ><\/div><\/div>[vc_separator style=&#8221;shadow&#8221; css=&#8221;&#8221;][vc_btn title=&#8221;TIN T\u1ee8C&#8221; style=&#8221;3d&#8221; color=&#8221;primary&#8221; align=&#8221;center&#8221; i_type=&#8221;linecons&#8221; i_icon_linecons=&#8221;vc_li vc_li-note&#8221; css_animation=&#8221;bounceIn&#8221; css=&#8221;&#8221; button_block=&#8221;true&#8221; add_icon=&#8221;true&#8221;]<div class=\"wppm wppm-list columns-1 gutter-6 list-gutter-6 split-25-75 circle-img no-border wppm_custom_css_1\"><div id=\"post-4042\" class=\"wppm-post 4042 post-4042 post type-post status-publish format-image hentry category-tin-moi-nhat post_format-post-format-image no-image\"><div class=\"post-content\"><aside class=\"meta-row cat-row\"><div class=\"meta-col\"><ul class=\"post-cats\"><li><a class=\"cat-tin-moi-nhat\" href=\"https:\/\/vietnamherniasociety.com\/index.php\/category\/tin-moi-nhat\/\">Tin M\u1edbi Nh\u1ea5t<\/a><\/li><\/ul><\/div><\/aside><h2 class=\"entry-title fs-16 fw-600\"><a href=\"https:\/\/vietnamherniasociety.com\/index.php\/2025\/08\/08\/hinh-anh-ve-hoi-nghi-thoat-vi-viet-nam-lan-2\/\" title=\"H\u00ccNH \u1ea2NH V\u1ec0 H\u1ed8I NGH\u1eca THO\u00c1T V\u1eca VI\u1ec6T NAM L\u1ea6N 2\">H\u00ccNH \u1ea2NH V\u1ec0 H\u1ed8I NGH\u1eca THO\u00c1T V\u1eca VI\u1ec6T NAM L\u1ea6N 2<\/a><\/h2><aside class=\"meta-row row-3 schema-only\"><div class=\"meta-col\"><ul class=\"entry-meta\"><li class=\"post-time schema-only\"><time class=\"entry-date updated\" datetime=\"2025-08-08T15:24:31+07:00\">2025-08-08<\/time><\/li><li class=\"post-author schema-only\"><span class=\"screen-reader-text\">Author<\/span><a href=\"https:\/\/vietnamherniasociety.com\/index.php\/author\/ad-chihoi\/\"><span class=\"vcard author CHI H\u1ed8I THO\u00c1T V\u1eca VI\u1ec6T NAM\"><span class=\"fn\">CHI H\u1ed8I THO\u00c1T V\u1eca VI\u1ec6T NAM<\/span><\/span><\/a><\/li><\/ul><\/div><\/aside><\/div><\/div><div id=\"post-4022\" class=\"wppm-post 4022 post-4022 post type-post status-publish format-image hentry category-tin-moi-nhat post_format-post-format-image no-image\"><div class=\"post-content\"><aside class=\"meta-row cat-row\"><div class=\"meta-col\"><ul class=\"post-cats\"><li><a class=\"cat-tin-moi-nhat\" href=\"https:\/\/vietnamherniasociety.com\/index.php\/category\/tin-moi-nhat\/\">Tin M\u1edbi Nh\u1ea5t<\/a><\/li><\/ul><\/div><\/aside><h2 class=\"entry-title fs-16 fw-600\"><a href=\"https:\/\/vietnamherniasociety.com\/index.php\/2025\/08\/08\/thu-cam-on-hoi-nghi-thoat-vi-viet-nam-lan-2\/\" title=\"TH\u01af C\u1ea2M \u01a0N &#8211; H\u1ed8I NGH\u1eca THO\u00c1T V\u1eca VI\u1ec6T NAM L\u1ea6N 2\">TH\u01af C\u1ea2M \u01a0N &#8211; H\u1ed8I NGH\u1eca THO\u00c1T V\u1eca VI\u1ec6T NAM L\u1ea6N 2<\/a><\/h2><aside class=\"meta-row row-3 schema-only\"><div class=\"meta-col\"><ul class=\"entry-meta\"><li class=\"post-time schema-only\"><time class=\"entry-date updated\" datetime=\"2025-08-08T14:38:39+07:00\">2025-08-08<\/time><\/li><li class=\"post-author schema-only\"><span class=\"screen-reader-text\">Author<\/span><a href=\"https:\/\/vietnamherniasociety.com\/index.php\/author\/ad-chihoi\/\"><span class=\"vcard author CHI H\u1ed8I THO\u00c1T V\u1eca VI\u1ec6T NAM\"><span class=\"fn\">CHI H\u1ed8I THO\u00c1T V\u1eca VI\u1ec6T NAM<\/span><\/span><\/a><\/li><\/ul><\/div><\/aside><\/div><\/div><div id=\"post-4011\" class=\"wppm-post 4011 post-4011 post type-post status-publish format-standard hentry category-tin-moi-nhat no-image\"><div class=\"post-content\"><aside class=\"meta-row cat-row\"><div class=\"meta-col\"><ul class=\"post-cats\"><li><a class=\"cat-tin-moi-nhat\" href=\"https:\/\/vietnamherniasociety.com\/index.php\/category\/tin-moi-nhat\/\">Tin M\u1edbi Nh\u1ea5t<\/a><\/li><\/ul><\/div><\/aside><h2 class=\"entry-title fs-16 fw-600\"><a href=\"https:\/\/vietnamherniasociety.com\/index.php\/2025\/07\/07\/thong-bao-so-2-ve-viec-dang-ky-tham-du-chuong-trinh-dao-tao-lien-tuc-tien-hoi-nghi-thoat-vi-viet-nam-lan-2-va-chuong-trinh-chi-tiet-hoi-nghi-thoat-vi-viet-nam-lan-2\/\" title=\"TH\u00d4NG B\u00c1O S\u1ed0 2: V\u1ec1 vi\u1ec7c \u0111\u0103ng k\u00fd tham d\u01b0\u0323 Ch\u01b0\u01a1ng tr\u00ecnh \u0111\u00e0o ta\u0323o li\u00ean t\u1ee5c Ti\u1ec1n H\u00f4\u0323i ngh\u1ecb Tho\u00e1t v\u1ecb Vi\u1ec7t Nam l\u1ea7n 2 v\u00e0 Ch\u01b0\u01a1ng tr\u00ecnh chi ti\u1ebft H\u00f4\u0323i ngh\u1ecb Tho\u00e1t v\u1ecb Vi\u1ec7t Nam l\u1ea7n 2\">TH\u00d4NG B\u00c1O S\u1ed0 2: V\u1ec1 vi\u1ec7c \u0111\u0103ng k\u00fd tham d\u01b0\u0323 Ch\u01b0\u01a1ng tr\u00ecnh \u0111\u00e0o ta\u0323o li\u00ean t\u1ee5c Ti\u1ec1n H\u00f4\u0323i ngh\u1ecb Tho\u00e1t v\u1ecb Vi\u1ec7t Nam l\u1ea7n 2 v\u00e0 Ch\u01b0\u01a1ng tr\u00ecnh chi ti\u1ebft H\u00f4\u0323i ngh\u1ecb Tho\u00e1t v\u1ecb Vi\u1ec7t Nam l\u1ea7n 2<\/a><\/h2><aside class=\"meta-row row-3 schema-only\"><div class=\"meta-col\"><ul class=\"entry-meta\"><li class=\"post-time schema-only\"><time class=\"entry-date updated\" datetime=\"2025-07-07T12:38:17+07:00\">2025-07-07<\/time><\/li><li class=\"post-author schema-only\"><span class=\"screen-reader-text\">Author<\/span><a href=\"https:\/\/vietnamherniasociety.com\/index.php\/author\/ad-chihoi\/\"><span class=\"vcard author CHI H\u1ed8I THO\u00c1T V\u1eca VI\u1ec6T NAM\"><span class=\"fn\">CHI H\u1ed8I THO\u00c1T V\u1eca VI\u1ec6T NAM<\/span><\/span><\/a><\/li><\/ul><\/div><\/aside><\/div><\/div><div id=\"post-3991\" class=\"wppm-post 3991 post-3991 post type-post status-publish format-standard has-post-thumbnail hentry category-tin-moi-nhat\"><div class=\"post-img-wrap\"><div class=\"post-img\"><a href=\"https:\/\/vietnamherniasociety.com\/index.php\/2025\/04\/13\/thong-bao-so-1-ve-viec-dang-ky-tham-du-va-bao-cao-tai-hoi-nghi-thoat-vi-viet-nam-lan-2\/\" title=\"TH\u00d4NG B\u00c1O S\u1ed0 1 &#8211; V\u1ec1 vi\u1ec7c \u0111\u0103ng k\u00fd tham d\u1ef1 v\u00e0 b\u00e1o c\u00e1o t\u1ea1i H\u1ed9i ngh\u1ecb Tho\u00e1t v\u1ecb Vi\u1ec7t Nam l\u1ea7n 2\"><img decoding=\"async\" class=\"wppm-img\" src=\"https:\/\/vietnamherniasociety.com\/wp-content\/uploads\/bfi_thumb\/logo-chi-hoi-thoat-vi-e1718267375558-7f3x0n7olqhxb2fg6oqk4b5q7bruq95ms1qe3h9r9n6.png\" alt=\"TH\u00d4NG B\u00c1O S\u1ed0 1 &#8211; V\u1ec1 vi\u1ec7c \u0111\u0103ng k\u00fd tham d\u1ef1 v\u00e0 b\u00e1o c\u00e1o t\u1ea1i H\u1ed9i ngh\u1ecb Tho\u00e1t v\u1ecb Vi\u1ec7t Nam l\u1ea7n 2\" title=\"TH\u00d4NG B\u00c1O S\u1ed0 1 &#8211; V\u1ec1 vi\u1ec7c \u0111\u0103ng k\u00fd tham d\u1ef1 v\u00e0 b\u00e1o c\u00e1o t\u1ea1i H\u1ed9i ngh\u1ecb Tho\u00e1t v\u1ecb Vi\u1ec7t Nam l\u1ea7n 2\"\/><\/a><\/div><\/div><div class=\"post-content\"><aside class=\"meta-row cat-row\"><div class=\"meta-col\"><ul class=\"post-cats\"><li><a class=\"cat-tin-moi-nhat\" href=\"https:\/\/vietnamherniasociety.com\/index.php\/category\/tin-moi-nhat\/\">Tin M\u1edbi Nh\u1ea5t<\/a><\/li><\/ul><\/div><\/aside><h2 class=\"entry-title fs-16 fw-600\"><a href=\"https:\/\/vietnamherniasociety.com\/index.php\/2025\/04\/13\/thong-bao-so-1-ve-viec-dang-ky-tham-du-va-bao-cao-tai-hoi-nghi-thoat-vi-viet-nam-lan-2\/\" title=\"TH\u00d4NG B\u00c1O S\u1ed0 1 &#8211; V\u1ec1 vi\u1ec7c \u0111\u0103ng k\u00fd tham d\u1ef1 v\u00e0 b\u00e1o c\u00e1o t\u1ea1i H\u1ed9i ngh\u1ecb Tho\u00e1t v\u1ecb Vi\u1ec7t Nam l\u1ea7n 2\">TH\u00d4NG B\u00c1O S\u1ed0 1 &#8211; V\u1ec1 vi\u1ec7c \u0111\u0103ng k\u00fd tham d\u1ef1 v\u00e0 b\u00e1o c\u00e1o t\u1ea1i H\u1ed9i ngh\u1ecb Tho\u00e1t v\u1ecb Vi\u1ec7t Nam l\u1ea7n 2<\/a><\/h2><aside class=\"meta-row row-3 schema-only\"><div class=\"meta-col\"><ul class=\"entry-meta\"><li class=\"post-time schema-only\"><time class=\"entry-date updated\" datetime=\"2025-04-13T15:56:00+07:00\">2025-04-13<\/time><\/li><li class=\"post-author schema-only\"><span class=\"screen-reader-text\">Author<\/span><a href=\"https:\/\/vietnamherniasociety.com\/index.php\/author\/ad-chihoi\/\"><span class=\"vcard author CHI H\u1ed8I THO\u00c1T V\u1eca VI\u1ec6T NAM\"><span class=\"fn\">CHI H\u1ed8I THO\u00c1T V\u1eca VI\u1ec6T NAM<\/span><\/span><\/a><\/li><\/ul><\/div><\/aside><\/div><\/div><div id=\"post-3971\" class=\"wppm-post 3971 post-3971 post type-post status-publish format-standard has-post-thumbnail hentry category-chuong-trinh-du-an category-tin-moi-nhat\"><div class=\"post-img-wrap\"><div class=\"post-img\"><a href=\"https:\/\/vietnamherniasociety.com\/index.php\/2025\/02\/21\/hoi-thao-aphs-he-dieu-tri-thoat-vi-ben-va-thoat-vi-thanh-bung\/\" title=\"H\u1ed9i th\u1ea3o APHS HE: \u0110i\u1ec1u tr\u1ecb tho\u00e1t v\u1ecb b\u1eb9n v\u00e0 tho\u00e1t v\u1ecb th\u00e0nh b\u1ee5ng\"><img decoding=\"async\" class=\"wppm-img\" src=\"https:\/\/vietnamherniasociety.com\/wp-content\/uploads\/bfi_thumb\/APHS-HE-1-e1740132864769-7iia6e9xlirpuyjyi212q3xape0egv7j5z48bw1gmfm.png\" alt=\"H\u1ed9i th\u1ea3o APHS HE: \u0110i\u1ec1u tr\u1ecb tho\u00e1t v\u1ecb b\u1eb9n v\u00e0 tho\u00e1t v\u1ecb th\u00e0nh b\u1ee5ng\" title=\"H\u1ed9i th\u1ea3o APHS HE: \u0110i\u1ec1u tr\u1ecb tho\u00e1t v\u1ecb b\u1eb9n v\u00e0 tho\u00e1t v\u1ecb th\u00e0nh b\u1ee5ng\"\/><\/a><\/div><\/div><div class=\"post-content\"><aside class=\"meta-row cat-row\"><div class=\"meta-col\"><ul class=\"post-cats\"><li><a class=\"cat-chuong-trinh-du-an\" href=\"https:\/\/vietnamherniasociety.com\/index.php\/category\/chuong-trinh-du-an\/\">Ch\u01b0\u01a1ng tr\u00ecnh &amp; D\u1ef1 \u00e1n<\/a><\/li><li><a class=\"cat-tin-moi-nhat\" href=\"https:\/\/vietnamherniasociety.com\/index.php\/category\/tin-moi-nhat\/\">Tin M\u1edbi Nh\u1ea5t<\/a><\/li><\/ul><\/div><\/aside><h2 class=\"entry-title fs-16 fw-600\"><a href=\"https:\/\/vietnamherniasociety.com\/index.php\/2025\/02\/21\/hoi-thao-aphs-he-dieu-tri-thoat-vi-ben-va-thoat-vi-thanh-bung\/\" title=\"H\u1ed9i th\u1ea3o APHS HE: \u0110i\u1ec1u tr\u1ecb tho\u00e1t v\u1ecb b\u1eb9n v\u00e0 tho\u00e1t v\u1ecb th\u00e0nh b\u1ee5ng\">H\u1ed9i th\u1ea3o APHS HE: \u0110i\u1ec1u tr\u1ecb tho\u00e1t v\u1ecb b\u1eb9n v\u00e0 tho\u00e1t v\u1ecb th\u00e0nh b\u1ee5ng<\/a><\/h2><aside class=\"meta-row row-3 schema-only\"><div class=\"meta-col\"><ul class=\"entry-meta\"><li class=\"post-time schema-only\"><time class=\"entry-date updated\" datetime=\"2025-02-21T17:16:29+07:00\">2025-02-21<\/time><\/li><li class=\"post-author schema-only\"><span class=\"screen-reader-text\">Author<\/span><a href=\"https:\/\/vietnamherniasociety.com\/index.php\/author\/ad-chihoi\/\"><span class=\"vcard author CHI H\u1ed8I THO\u00c1T V\u1eca VI\u1ec6T NAM\"><span class=\"fn\">CHI H\u1ed8I THO\u00c1T V\u1eca VI\u1ec6T NAM<\/span><\/span><\/a><\/li><\/ul><\/div><\/aside><\/div><\/div><div id=\"post-3925\" class=\"wppm-post 3925 post-3925 post type-post status-publish format-standard has-post-thumbnail hentry category-bai-bao-va-nghien-cuu category-chuong-trinh-du-an category-thong-cao-bao-chi category-tin-moi-nhat\"><div class=\"post-img-wrap\"><div class=\"post-img\"><a href=\"https:\/\/vietnamherniasociety.com\/index.php\/2024\/08\/29\/chuong-trinh-uu-dai-dang-ky-som-cua-wchs\/\" title=\"Ch\u01b0\u01a1ng tr\u00ecnh \u01afu \u0111\u00e3i \u0110\u0103ng k\u00fd S\u1edbm c\u1ee7a WCHS\"><img decoding=\"async\" class=\"wppm-img\" src=\"https:\/\/vietnamherniasociety.com\/wp-content\/uploads\/bfi_thumb\/E2FBD3FE-43E3-4432-97FE-CBFC29D7D73A-7g5798xtwkrep721as7w70v3cao3np3petvs9ytwej6.png\" alt=\"Ch\u01b0\u01a1ng tr\u00ecnh \u01afu \u0111\u00e3i \u0110\u0103ng k\u00fd S\u1edbm c\u1ee7a WCHS\" title=\"Ch\u01b0\u01a1ng tr\u00ecnh \u01afu \u0111\u00e3i \u0110\u0103ng k\u00fd S\u1edbm c\u1ee7a WCHS\"\/><\/a><\/div><\/div><div class=\"post-content\"><aside class=\"meta-row cat-row\"><div class=\"meta-col\"><ul class=\"post-cats\"><li><a class=\"cat-bai-bao-va-nghien-cuu\" href=\"https:\/\/vietnamherniasociety.com\/index.php\/category\/bai-bao-va-nghien-cuu\/\">B\u00e0i b\u00e1o v\u00e0 Nghi\u00ean c\u1ee9u<\/a><\/li><li><a class=\"cat-chuong-trinh-du-an\" href=\"https:\/\/vietnamherniasociety.com\/index.php\/category\/chuong-trinh-du-an\/\">Ch\u01b0\u01a1ng tr\u00ecnh &amp; D\u1ef1 \u00e1n<\/a><\/li><li><a class=\"cat-thong-cao-bao-chi\" href=\"https:\/\/vietnamherniasociety.com\/index.php\/category\/thong-cao-bao-chi\/\">Th\u00f4ng c\u00e1o B\u00e1o ch\u00ed<\/a><\/li><li class=\"submenu-parent\"><a class=\"wppm-cat-toggle\" href=\"#\">+ 1 more<\/a><ul class=\"cat-sub submenu\"><li><a class=\"cat-tin-moi-nhat\" href=\"https:\/\/vietnamherniasociety.com\/index.php\/category\/tin-moi-nhat\/\">Tin M\u1edbi Nh\u1ea5t<\/a><\/li><\/ul><\/li><\/ul><\/div><\/aside><h2 class=\"entry-title fs-16 fw-600\"><a href=\"https:\/\/vietnamherniasociety.com\/index.php\/2024\/08\/29\/chuong-trinh-uu-dai-dang-ky-som-cua-wchs\/\" title=\"Ch\u01b0\u01a1ng tr\u00ecnh \u01afu \u0111\u00e3i \u0110\u0103ng k\u00fd S\u1edbm c\u1ee7a WCHS\">Ch\u01b0\u01a1ng tr\u00ecnh \u01afu \u0111\u00e3i \u0110\u0103ng k\u00fd S\u1edbm c\u1ee7a WCHS<\/a><\/h2><aside class=\"meta-row row-3 schema-only\"><div class=\"meta-col\"><ul class=\"entry-meta\"><li class=\"post-time schema-only\"><time class=\"entry-date updated\" datetime=\"2024-08-29T18:10:54+07:00\">2024-08-29<\/time><\/li><li class=\"post-author schema-only\"><span class=\"screen-reader-text\">Author<\/span><a href=\"https:\/\/vietnamherniasociety.com\/index.php\/author\/ad-chihoi\/\"><span class=\"vcard author CHI H\u1ed8I THO\u00c1T V\u1eca VI\u1ec6T NAM\"><span class=\"fn\">CHI H\u1ed8I THO\u00c1T V\u1eca VI\u1ec6T NAM<\/span><\/span><\/a><\/li><\/ul><\/div><\/aside><\/div><\/div><\/div>[\/vc_column][\/vc_row][vc_row][vc_column][vc_separator color=&#8221;custom&#8221; style=&#8221;shadow&#8221; accent_color=&#8221;#4a88bf&#8221;][\/vc_column][\/vc_row]<\/div>","protected":false},"excerpt":{"rendered":"<p>[vc_row full_width=&#8221;stretch_row_content&#8221; content_placement=&#8221;middle&#8221;][vc_column][vc_separator][vc_separator][vc_single_image image=&#8221;3795&#8243; img_size=&#8221;Full&#8221; style=&#8221;vc_box_shadow_3d&#8221; css=&#8221;&#8221;][\/vc_column][\/vc_row][vc_row opacity_bg_pattern=&#8221;0.1&#8243;][vc_column width=&#8221;2\/3&#8243;][vc_column_text css=&#8221;&#8221;] L\u1ecaCH S\u1eec CHI H\u1ed8I [\/vc_column_text][vc_separator style=&#8221;shadow&#8221; css=&#8221;&#8221;][vc_column_text css=&#8221;&#8221;]Gi\u1edbi thi\u1ec7u: Chi h\u1ed9i Tho\u00e1t v\u1ecb Vi\u1ec7t Nam thu\u1ed9c H\u1ed9i Ngo\u1ea1i khoa v\u00e0 Ph\u1eabu thu\u1eadt n\u1ed9i soi Vi\u1ec7t Nam \u0111\u00e3 \u0111\u01b0\u1ee3c th\u00e0nh l\u1eadp theo Quy\u1ebft \u0111\u1ecbnh s\u1ed1 51\/Q\u0110-NKN&amp;PTNS, ng\u00e0y 07\/12\/2023. L\u1ec5 ra m\u1eaft Ban ch\u1ea5p h\u00e0nh l\u00e2m th\u1eddi [&hellip;]<\/p>\n","protected":false},"author":1,"featured_media":0,"parent":0,"menu_order":0,"comment_status":"closed","ping_status":"closed","template":"","meta":{"footnotes":""},"class_list":["post-3520","page","type-page","status-publish","hentry"],"rttpg_featured_image_url":null,"rttpg_author":{"display_name":"Kavin Nguyen","author_link":"https:\/\/vietnamherniasociety.com\/index.php\/author\/tringuyen72\/"},"rttpg_comment":0,"rttpg_category":"","rttpg_excerpt":"[vc_row full_width=&#8221;stretch_row_content&#8221; content_placement=&#8221;middle&#8221;][vc_column][vc_separator][vc_separator][vc_single_image image=&#8221;3795&#8243; img_size=&#8221;Full&#8221; style=&#8221;vc_box_shadow_3d&#8221; css=&#8221;&#8221;][\/vc_column][\/vc_row][vc_row opacity_bg_pattern=&#8221;0.1&#8243;][vc_column width=&#8221;2\/3&#8243;][vc_column_text css=&#8221;&#8221;] L\u1ecaCH S\u1eec CHI H\u1ed8I [\/vc_column_text][vc_separator style=&#8221;shadow&#8221; css=&#8221;&#8221;][vc_column_text css=&#8221;&#8221;]Gi\u1edbi thi\u1ec7u: Chi h\u1ed9i Tho\u00e1t v\u1ecb Vi\u1ec7t Nam thu\u1ed9c H\u1ed9i Ngo\u1ea1i khoa v\u00e0 Ph\u1eabu thu\u1eadt n\u1ed9i soi Vi\u1ec7t Nam \u0111\u00e3 \u0111\u01b0\u1ee3c th\u00e0nh l\u1eadp theo Quy\u1ebft \u0111\u1ecbnh s\u1ed1 51\/Q\u0110-NKN&amp;PTNS, ng\u00e0y 07\/12\/2023. L\u1ec5 ra m\u1eaft Ban ch\u1ea5p h\u00e0nh l\u00e2m th\u1eddi&hellip;","_links":{"self":[{"href":"https:\/\/vietnamherniasociety.com\/index.php\/wp-json\/wp\/v2\/pages\/3520"}],"collection":[{"href":"https:\/\/vietnamherniasociety.com\/index.php\/wp-json\/wp\/v2\/pages"}],"about":[{"href":"https:\/\/vietnamherniasociety.com\/index.php\/wp-json\/wp\/v2\/types\/page"}],"author":[{"embeddable":true,"href":"https:\/\/vietnamherniasociety.com\/index.php\/wp-json\/wp\/v2\/users\/1"}],"replies":[{"embeddable":true,"href":"https:\/\/vietnamherniasociety.com\/index.php\/wp-json\/wp\/v2\/comments?post=3520"}],"version-history":[{"count":11,"href":"https:\/\/vietnamherniasociety.com\/index.php\/wp-json\/wp\/v2\/pages\/3520\/revisions"}],"predecessor-version":[{"id":3875,"href":"https:\/\/vietnamherniasociety.com\/index.php\/wp-json\/wp\/v2\/pages\/3520\/revisions\/3875"}],"wp:attachment":[{"href":"https:\/\/vietnamherniasociety.com\/index.php\/wp-json\/wp\/v2\/media?parent=3520"}],"curies":[{"name":"wp","href":"https:\/\/api.w.org\/{rel}","templated":true}]}}